{"id":2727,"date":"2018-07-02T19:26:19","date_gmt":"2018-07-02T22:26:19","guid":{"rendered":"https:\/\/ifdcvm-slu.infd.edu.ar\/sitio\/museos\/"},"modified":"2020-04-17T03:33:11","modified_gmt":"2020-04-17T06:33:11","slug":"museos","status":"publish","type":"page","link":"https:\/\/ifdcvm-slu.infd.edu.ar\/sitio\/museos\/","title":{"rendered":"Museos"},"content":{"rendered":"<table border=\"0\" width=\"650\" cellspacing=\"0%\" cellpadding=\"0%\">\n<tbody>\n<tr>\n<td align=\"left\" width=\"628\">Museos del Mundo<\/p>\n<p class=\"subtitulo\"><span class=\"titulonegro\"><strong>Alemania<\/strong><\/span><br \/>\n<a class=\"subtitulo\" href=\"http:\/\/www.deutsche-bank-kunst.com\/guggenheim\/e\/ausstellungen.php\" target=\"_blank\" rel=\"noopener\">Museo Guggenheim, Berl\u00edn\u00a0<\/a><br \/>\n<span class=\"textonormal\">Buenas colecciones y exposiciones temporales de arte contempor\u00e1neo.<br \/>\nIdioma: Alem\u00e1n \/ Ingl\u00e9s\u00a0<\/span><\/p>\n<p><a class=\"subtitulo\" href=\"http:\/\/www.hamburger-kunsthalle.de\/\" target=\"_blank\" rel=\"noopener\">Hamburger Kunsthalle\u00a0<\/a><br \/>\n<span class=\"textonormal\">Buenas colecciones desde el siglo XIV hasta el arte contempor\u00e1neo.<br \/>\nIdioma: Alem\u00e1n \/ Ingl\u00e9s<\/span><\/p>\n<p class=\"copy\"><strong class=\"titulonegro\">Argentina<\/strong><br \/>\n<a class=\"subtitulo\" href=\"http:\/\/www.mnad.org\/\" target=\"_blank\" rel=\"noopener\">Museo Nacional de Arte Decorativo\u00a0<\/a><br \/>\n<span class=\"textonormal\">Visita virtual, exposiciones y calendario de actividades.<br \/>\nIdioma: Espa\u00f1ol \/ Ingl\u00e9s\u00a0<\/span><\/p>\n<p><strong class=\"titulonegro\">Brasil<\/strong><br \/>\n<a class=\"subtitulo\" href=\"http:\/\/www.masp.art.br\/\" target=\"_blank\" rel=\"noopener\">Museo de Arte de Sao Pablo\u00a0<\/a><br \/>\n<span class=\"textonormal\">Predominan pinturas occidentales desde el siglo XIII hasta el arte contempor\u00e1neo.<br \/>\nIdioma: Portugu\u00e9s<\/span><\/p>\n<p><a class=\"subtitulo\" href=\"http:\/\/www.mamrio.com.br\/\" target=\"_blank\" rel=\"noopener\">Museo de Arte Moderna de R\u00edo de Janeiro\u00a0<\/a><br \/>\n<span class=\"textonormal\">Importante colecci\u00f3n de obras de arte del siglo XX. Centro de difusi\u00f3n y promoci\u00f3n del arte contempor\u00e1neo brasile\u00f1o.<br \/>\nIdioma: Portugu\u00e9s<\/span><\/p>\n<p><a class=\"subtitulo\" href=\"http:\/\/www.museuvirtual.org.br\/\" target=\"_blank\" rel=\"noopener\">Museo Virtual Arte Brasileira\u00a0<\/a><br \/>\n<span class=\"textonormal\">Su objetivo es mostrar una colecci\u00f3n representativa del arte brasile\u00f1o a trav\u00e9s de su historia, en Internet<br \/>\nIdioma: Portugu\u00e9s\/Ingles<\/span><\/p>\n<p><strong class=\"titulonegro\">Colombia<\/strong><br \/>\n<a class=\"subtitulo\" href=\"http:\/\/www.museonacional.gov.co\/\" target=\"_blank\" rel=\"noopener\">Museo Nacional de Colombia\u00a0<\/a><br \/>\n<span class=\"textonormal\">Sus colecciones abarcan m\u00e1s de 20 000 piezas, s\u00edmbolos de la historia y el patrimonio cultural de Colombia.<br \/>\nIdioma: Espa\u00f1ol\u00a0<\/span><\/p>\n<p><strong class=\"titulonegro\">Espa\u00f1a<\/strong><br \/>\n<a class=\"subtitulo\" href=\"http:\/\/www.man.es\/\" target=\"_blank\" rel=\"noopener\">Museo Arqueol\u00f3gico Nacional<\/a><br \/>\n<span class=\"textonormal\">Un paseo por las civilizaciones antiguas y la Edad Media. Madrid.<br \/>\nIdioma: Espa\u00f1ol \/<span style=\"font-family: Arial, Helvetica, sans-serif; font-size: 10pt;\">\u00a0<\/span>Ingl\u00e9s<\/span><\/p>\n<p class=\"copy\"><a class=\"subtitulo\" href=\"http:\/\/www.macba.es\/\" target=\"_blank\" rel=\"noopener\">Museo de Arte Contempor\u00e1neo de Barcelona<br \/>\n<\/a>Sitio que muestra las colecciones y exhibiciones de obras de arte contempor\u00e1neo expuestas en ese museo de la ciudad de Barcelona<\/p>\n<p class=\"copy\"><a class=\"subtitulo\" href=\"http:\/\/www.macba.es\/\" target=\"_blank\" rel=\"noopener\">Museu d\u2019Art Contemporani de Barcelona.\u00a0<\/a><br \/>\n<span class=\"textonormal\">Tiene como objetivos divulgar el programa de exposiciones y actividades, ofrecer acceso a la Colecci\u00f3n MACBA, a los discursos y debates p\u00fablicos a trav\u00e9s de este medio digital, aspiran con esta p\u00e1gina Web, construir una esfera de cr\u00edtica p\u00fablica<br \/>\nIdioma: Catal\u00e1n, Espa\u00f1ol, Ingl\u00e9s<\/span><\/p>\n<p><a class=\"subtitulo\" href=\"http:\/\/www.museothyssen.org\/\" target=\"_blank\" rel=\"noopener\">Museo Thyssen Bornemisza<\/a><br \/>\n<span class=\"textonormal\">Pinturas del siglo XII al XX . Recorre m\u00e1s de siete siglos de la Historia del Arte y muestra \u00abobras maestras\u00bb de la pintura. Madrid.<br \/>\nIdioma: Espa\u00f1ol \/ Ingl\u00e9s\u00a0<\/span><\/p>\n<p class=\"copy\"><strong class=\"titulonegro\">Estados Unidos de Am\u00e9rica<\/strong><span class=\"textopeque\"><strong>\u00a0<\/strong><\/span><br \/>\n<a class=\"subtitulo\" href=\"http:\/\/www.guggenheim.org\/new_york_index.html\" target=\"_blank\" rel=\"noopener\">Museo Guggenheim, Nueva York\u00a0<\/a><br \/>\n<span class=\"textonormal\">Uno de los museos m\u00e1s importantes del mundo de arte contempor\u00e1neo.<br \/>\nIdioma: Ingl\u00e9s<\/span><\/p>\n<p><a class=\"subtitulo\" href=\"http:\/\/www.metmuseum.org\/\" target=\"_blank\" rel=\"noopener\">Metropolitan, Museo de Arte<\/a><br \/>\n<span class=\"textonormal\">Uno de los museos m\u00e1s importantes del mundo.<br \/>\nIdioma: Ingl\u00e9s<\/span><\/p>\n<p><a class=\"subtitulo\" href=\"http:\/\/www.moma.org\/\" target=\"_blank\" rel=\"noopener\">MOMA. Museo de Arte Moderno de Nueva York\u00a0<\/a><br \/>\n<span class=\"textonormal\">Uno de los museos m\u00e1s reconocidos de arte contempor\u00e1neo del mundo. New York.<br \/>\nIdioma: Ingl\u00e9s<br \/>\n<\/span><br \/>\n<a class=\"subtitulo\" href=\"http:\/\/www.nga.gov\/\" target=\"_blank\" rel=\"noopener\">Galer\u00eda Nacional de Arte, Washington\u00a0<\/a><br \/>\n<span class=\"textonormal\">Pintura, escultura, obra gr\u00e1fica y otras colecciones, desde la Edad Media hasta nuestros d\u00edas. Washington.<br \/>\nIdioma: Ingl\u00e9s<\/span><\/p>\n<p><a class=\"subtitulo\" href=\"http:\/\/www.getty.edu\/\" target=\"_blank\" rel=\"noopener\">Museo J. Paul Getty<\/a><br \/>\n<span class=\"textonormal\">Inaugurado en 1997 en Los \u00c1ngeles, California. Ofrece una amplia colecci\u00f3n de pintura, escultura y antig\u00fcedades<\/span>.<\/p>\n<p><a class=\"subtitulo\" href=\"http:\/\/americanart.si.edu\/\" target=\"_blank\" rel=\"noopener\">Museo de Arte Smithsonian\u00a0<\/a><br \/>\n<span class=\"textonormal\">Alberga la mayor colecci\u00f3n de obras de arte americanas del mundo.<br \/>\nIdioma: Ingl\u00e9s<\/span><\/p>\n<p class=\"copy\"><strong class=\"titulonegro\">Francia<\/strong><br \/>\n<a class=\"subtitulo\" href=\"http:\/\/www.louvre.fr\/espanol.htm\" target=\"_blank\" rel=\"noopener\">Museo del Louvre\u00a0<\/a><br \/>\n<span class=\"textonormal\">Uno de los mayores museos del mundo. Pintura, escultura, arqueolog\u00eda. Par\u00eds.<br \/>\nIdioma: Franc\u00e9s \/ Ingl\u00e9s \/ Espa\u00f1ol \/ Portugu\u00e9s<\/span><\/p>\n<p><a class=\"subtitulo\" href=\"http:\/\/www.musee-orsay.fr:8081\/ORSAY\/accueilMO\/HTML.NSF\/732927420973f9b5c12564280045edf6\/322da73321db3942c1256714004e756a?OpenDocument\" target=\"_blank\" rel=\"noopener\">Museo de Orsay\u00a0<\/a><br \/>\n<span class=\"textonormal\">El para\u00edso de los impresionistas. Par\u00eds.<br \/>\nIdioma: Franc\u00e9s \/ Ingl\u00e9s \/ Espa\u00f1ol<\/span><\/p>\n<p><a class=\"subtitulo\" href=\"http:\/\/www.musee-rodin.fr\/welcome.htm\" target=\"_blank\" rel=\"noopener\">Museo Rodin<\/a><br \/>\n<span class=\"textonormal\">Dedicado a la exposici\u00f3n de la obra de este magn\u00edfico artista franc\u00e9s. Par\u00eds.<br \/>\nIdioma: Franc\u00e9s \/ Ingl\u00e9s<\/span><\/p>\n<p><strong><br \/>\n<\/strong><br \/>\n<strong class=\"titulonegro\">Gran Breta\u00f1a<\/strong><br \/>\n<a class=\"subtitulo\" href=\"http:\/\/www.thebritishmuseum.ac.uk\/\" target=\"_blank\" rel=\"noopener\">Museo Brit\u00e1nico<\/a><br \/>\n<span class=\"textonormal\">Uno de los m\u00e1s grandes museos del mundo. Londres.<br \/>\nIdioma: Ingl\u00e9s<\/span><\/p>\n<p><a class=\"subtitulo\" href=\"http:\/\/www.nationalgallery.org.uk\/\" target=\"_blank\" rel=\"noopener\">Galer\u00eda Nacional de Londres<\/a><br \/>\n<span class=\"textonormal\">Sus amplios fondos abarcan todo el arte europeo desde el siglo XV. Londres.<br \/>\nIdioma: Ingl\u00e9s \/ Franc\u00e9s \/Japon\u00e9s \/ Italiano \/ Espa\u00f1ol \/ Alem\u00e1n \/Ruso<\/span><\/p>\n<p><a class=\"subtitulo\" href=\"http:\/\/www.tate.org.uk\/\" target=\"_blank\" rel=\"noopener\">Tate\u00a0<\/a><br \/>\n<span class=\"textonormal\">Comprende cuatro museos: Tate Britain, Tate Modern, Tate Liverpool y Tate St. Ives. Arte brit\u00e1nico e internacional. Londres<br \/>\nIdioma: Ingl\u00e9s \/ Espa\u00f1ol \/ Franc\u00e9s \/ Alem\u00e1n \/ Italiano \/ Japon\u00e9s<\/span><\/p>\n<p><a class=\"subtitulo\" href=\"http:\/\/www.vam.ac.uk\/?view=compliant\" target=\"_blank\" rel=\"noopener\">Museo Victoria &amp; Albert\u00a0<\/a><br \/>\n<span class=\"textonormal\">El museo m\u00e1s grande del mundo de artes decorativas. Importantes colecciones de escultura y fotograf\u00eda. Londres.<br \/>\nIdioma: Ingl\u00e9s\u00a0<\/span><\/p>\n<p><strong class=\"titulonegro\">Holanda<\/strong><br \/>\n<a class=\"subtitulo\" href=\"http:\/\/www.rijksmuseum.nl\/\" target=\"_blank\" rel=\"noopener\">Rijksmuseum, \u00c1msterdam\u00a0<\/a><br \/>\n<span class=\"textonormal\">Colecci\u00f3n de fama internacional. Exposiciones. Eventos Culturales.<br \/>\nIdioma: Holand\u00e9s \/ Ingl\u00e9s \/ Alem\u00e1n \/ Italiano \/ Espa\u00f1ol<\/span><\/p>\n<p><a class=\"subtitulo\" href=\"http:\/\/www.vangoghmuseum.nl\/\" target=\"_blank\" rel=\"noopener\">Museo Van Gogh\u00a0<\/a><br \/>\n<span class=\"textonormal\">Adem\u00e1s de una amplia colecci\u00f3n del genial pintor, exposiciones y actividades culturales. Amsterdam<br \/>\nIdioma: Holand\u00e9s \/ Ingl\u00e9s\u00a0<\/span><\/p>\n<p><strong class=\"titulonegro\">Italia<\/strong><br \/>\n<a class=\"subtitulo\" href=\"http:\/\/www.galleriaborghese.it\/\" target=\"_blank\" rel=\"noopener\">Galer\u00eda Borghese\u00a0<\/a><br \/>\n<span class=\"textonormal\">Comprende el Palacio Barberini y las Galer\u00edas Borghese, Corsini y Spada. Roma.<br \/>\nIdioma: Italiano\u00a0<\/span><\/p>\n<p><a class=\"subtitulo\" href=\"http:\/\/www.gnam.arti.beniculturali.it\/\" target=\"_blank\" rel=\"noopener\">Galer\u00eda Nacional de Arte Moderna, Roma\u00a0<\/a><\/p>\n<p><a class=\"subtitulo\" href=\"http:\/\/www.christusrex.org\/www1\/vaticano\/0-Musei.html\" target=\"_blank\" rel=\"noopener\">Museo del Vaticano\u00a0<\/a><br \/>\n<span class=\"textonormal\">Muestra de arte de un conjunto de lugares religiosos.<br \/>\nIdioma: Italiano \/ Ingl\u00e9s \/ Espa\u00f1ol \/ Portugu\u00e9s \/ Franc\u00e9s\u00a0<\/span><\/p>\n<p><a class=\"subtitulo\" href=\"http:\/\/www.uffizi.firenze.it\/\" target=\"_blank\" rel=\"noopener\">Galer\u00eda Uffizi\u00a0<\/a><\/p>\n<p><strong><br \/>\n<\/strong><br \/>\n<strong class=\"titulonegro\">Jap\u00f3n<\/strong><br \/>\n<a class=\"subtitulo\" href=\"http:\/\/www.kyohaku.go.jp\/\" target=\"_blank\" rel=\"noopener\">Museo Nacional de Kyoto\u00a0<\/a><br \/>\n<span class=\"textonormal\">Arte asi\u00e1tico de todas las \u00e9pocas. Importantes colecciones y actividades expositivas.<br \/>\nIdioma: Ingl\u00e9s \/ Japon\u00e9s\u00a0<\/span><\/p>\n<p><a class=\"subtitulo\" href=\"http:\/\/www.momat.go.jp\/english\/\" target=\"_blank\" rel=\"noopener\">Museo Nacional de Arte Moderno, Tokio\u00a0<\/a><br \/>\n<span class=\"textonormal\">Arte contempor\u00e1neo.<br \/>\nIdioma: Japon\u00e9s \/ Ingl\u00e9s<\/span><\/p>\n<p><a class=\"subtitulo\" href=\"http:\/\/www.tnm.go.jp\/en\/servlet\/Con?pageId=X00&amp;processId=00\" target=\"_blank\" rel=\"noopener\">Museo Nacional de Tokio\u00a0<\/a><br \/>\n<span class=\"textonormal\">Arte japon\u00e9s y asi\u00e1tico en general de todas las \u00e9pocas.<br \/>\nIdioma: Japon\u00e9s \/ Ingl\u00e9s\u00a0<\/span><\/p>\n<p><strong class=\"titulonegro\">M\u00e9xico<\/strong><br \/>\n<a class=\"subtitulo\" href=\"http:\/\/www.mna.inah.gob.mx\/muse1\/mna\/muse1\/muna\/mna_esp\/intro_esp.htm\" target=\"_blank\" rel=\"noopener\">Museo Nacional de Antropolog\u00eda\u00a0<\/a><br \/>\n<span class=\"textonormal\">Muestra el acervo cultural de M\u00e9xico.<br \/>\nIdioma: Espa\u00f1ol \/ Ingl\u00e9s\u00a0<\/span><\/p>\n<p><strong class=\"titulonegro\">Rusia<\/strong><br \/>\n<a class=\"subtitulo\" href=\"http:\/\/www.rusmuseum.ru\/\" target=\"_blank\" rel=\"noopener\">Museo del Estado Ruso\u00a0<\/a><br \/>\n<span class=\"textonormal\">La colecci\u00f3n m\u00e1s grande de arte ruso desde el siglo X, incluyendo una colecci\u00f3n \u00fanica de \u00edconos. San Petesburgo<br \/>\nIdioma: Ruso \/ Ingl\u00e9s<\/span><\/p>\n<p><strong class=\"titulonegro\">Suecia<\/strong><br \/>\n<a class=\"subtitulo\" href=\"http:\/\/www.nationalmuseum.se\/\" target=\"_blank\" rel=\"noopener\">Museo Nacional<\/a><\/p>\n<p><a class=\"subtitulo\" href=\"http:\/\/www.nobel.se\/index.html\" target=\"_blank\" rel=\"noopener\">Museo del Premio Nobel\u00a0<\/a><br \/>\n<span class=\"textonormal\">Importantes colecciones de arte. Estocolmo.<br \/>\nIdioma: Sueco \/ Ingl\u00e9s<br \/>\n<\/span><br \/>\n<span class=\"titulonegro\"><strong>Suiza<\/strong><\/span><br \/>\n<a class=\"subtitulo\" href=\"http:\/\/www.kunstmuseumbasel.ch\/\" target=\"_blank\" rel=\"noopener\">Kunstmuseum Basel\u00a0<\/a><br \/>\n<span class=\"textonormal\">Arte moderno y contempor\u00e1neo. Basel.<br \/>\nIdioma: Alem\u00e1n \/ Ingl\u00e9s<\/span><\/td>\n<\/tr>\n<\/tbody>\n<\/table>\n","protected":false},"excerpt":{"rendered":"<p>Museos del Mundo Alemania Museo Guggenheim, Berl\u00edn\u00a0 Buenas colecciones y exposiciones temporales de arte contempor\u00e1neo. Idioma: Alem\u00e1n \/ Ingl\u00e9s\u00a0 Hamburger Kunsthalle\u00a0 Buenas colecciones desde el siglo XIV hasta el arte contempor\u00e1neo. Idioma: Alem\u00e1n \/ Ingl\u00e9s Argentina Museo Nacional de Arte Decorativo\u00a0 Visita virtual, exposiciones y calendario de actividades. Idioma: Espa\u00f1ol \/ Ingl\u00e9s\u00a0 Brasil Museo de &#8230; <a title=\"Museos\" class=\"read-more\" href=\"https:\/\/ifdcvm-slu.infd.edu.ar\/sitio\/museos\/\" aria-label=\"More on Museos\">[+]<\/a><\/p>\n","protected":false},"author":792,"featured_media":0,"parent":0,"menu_order":0,"comment_status":"closed","ping_status":"closed","template":"","meta":[],"acf":[],"_links":{"self":[{"href":"https:\/\/ifdcvm-slu.infd.edu.ar\/sitio\/wp-json\/wp\/v2\/pages\/2727"}],"collection":[{"href":"https:\/\/ifdcvm-slu.infd.edu.ar\/sitio\/wp-json\/wp\/v2\/pages"}],"about":[{"href":"https:\/\/ifdcvm-slu.infd.edu.ar\/sitio\/wp-json\/wp\/v2\/types\/page"}],"author":[{"embeddable":true,"href":"https:\/\/ifdcvm-slu.infd.edu.ar\/sitio\/wp-json\/wp\/v2\/users\/792"}],"replies":[{"embeddable":true,"href":"https:\/\/ifdcvm-slu.infd.edu.ar\/sitio\/wp-json\/wp\/v2\/comments?post=2727"}],"version-history":[{"count":3,"href":"https:\/\/ifdcvm-slu.infd.edu.ar\/sitio\/wp-json\/wp\/v2\/pages\/2727\/revisions"}],"predecessor-version":[{"id":7998,"href":"https:\/\/ifdcvm-slu.infd.edu.ar\/sitio\/wp-json\/wp\/v2\/pages\/2727\/revisions\/7998"}],"wp:attachment":[{"href":"https:\/\/ifdcvm-slu.infd.edu.ar\/sitio\/wp-json\/wp\/v2\/media?parent=2727"}],"curies":[{"name":"wp","href":"https:\/\/api.w.org\/{rel}","templated":true}]}}