{"id":2772,"date":"2018-07-02T19:26:41","date_gmt":"2018-07-02T22:26:41","guid":{"rendered":"https:\/\/ifdcvm-slu.infd.edu.ar\/sitio\/planes-de-estudio-3\/"},"modified":"2024-05-27T12:50:33","modified_gmt":"2024-05-27T15:50:33","slug":"planes-de-estudio-3","status":"publish","type":"page","link":"https:\/\/ifdcvm-slu.infd.edu.ar\/sitio\/planes-de-estudio-3\/","title":{"rendered":"Planes de estudio"},"content":{"rendered":"\n<h3 class=\"wp-block-heading\">Profesorado de M\u00fasica<\/h3>\n\n\n\n<hr class=\"wp-block-separator has-alpha-channel-opacity\"\/>\n\n\n\n<p>&#x1f9d0;<strong>ACTUALIZACI\u00d3N<\/strong>: Si quer\u00e9s visualizar el plan de estudio en un formato m\u00e1s amigable ingres\u00e1\u00a0<a href=\"https:\/\/ifdcvm-slu.infd.edu.ar\/sitio\/planes-de-estudio-vigentes\/\">aqu\u00ed<\/a><\/p>\n\n\n\n<p><em>Resoluciones de los planes de estudio:<\/em><\/p>\n\n\n\n<p><a rel=\"noopener\" href=\"https:\/\/drive.google.com\/file\/d\/1ExLKpWWM7w_enUJvWO7PvPYfK-BE1jX9\/view?usp=sharing\" target=\"_blank\">Resoluci\u00f3n N\u00b0 56-PESyDPD-2008<\/a><\/p>\n\n\n\n<p><a href=\"https:\/\/drive.google.com\/file\/d\/11obqWK6Mr3L7TGWTDBHqsmos0BZFdmcP\/view?usp=sharing\" target=\"_blank\" rel=\"noopener\">Resoluci\u00f3n N\u00b0 160-ME-2009<\/a><\/p>\n\n\n\n<p><a href=\"https:\/\/drive.google.com\/file\/d\/0B5FG6s3q3eMxRVJXdURWVFI5dGM\/view?usp=sharing\" target=\"_blank\" rel=\"noopener\">Resoluci\u00f3n Rectoral N\u00b0 120\/2016 (Adecuaci\u00f3n)<\/a><\/p>\n\n\n\n<p><a href=\"https:\/\/drive.google.com\/file\/d\/1-uxamuWFMpq6wsnRZxZ5cCIwp4c9cMdk\/view?usp=sharing\" target=\"_blank\" rel=\"noopener\">Resoluci\u00f3n N\u00b0 154-ME-2016<\/a><\/p>\n\n\n\n<p><a href=\"https:\/\/drive.google.com\/file\/d\/0B1W8DH-HGW-gdWxMZktENGpOSzA\/view?usp=sharing\" target=\"_blank\" rel=\"noopener\">Estructura curricular de la carrera<\/a>&nbsp;(Formato PDF)<\/p>\n\n\n\n<p><a href=\"https:\/\/ifdcvm-slu.infd.edu.ar\/sitio\/wp-content\/uploads\/2022\/02\/RESOLU-15-ME-2022-MUSICA.pdf\">Resoluci\u00f3n N\u00b0 15-ME-2022<\/a><\/p>\n\n\n\n<p class=\"has-contrast-color has-base-background-color has-text-color has-background\">Contacto con la coordinaci\u00f3n de la carrera: coordinacion.musica@ifdcvm.edu.ar<\/p>\n","protected":false},"excerpt":{"rendered":"<p>Profesorado de M\u00fasica &#x1f9d0;ACTUALIZACI\u00d3N: Si quer\u00e9s visualizar el plan de estudio en un formato m\u00e1s amigable ingres\u00e1\u00a0aqu\u00ed Resoluciones de los planes de estudio: Resoluci\u00f3n N\u00b0 56-PESyDPD-2008 Resoluci\u00f3n N\u00b0 160-ME-2009 Resoluci\u00f3n Rectoral N\u00b0 120\/2016 (Adecuaci\u00f3n) Resoluci\u00f3n N\u00b0 154-ME-2016 Estructura curricular de la carrera&nbsp;(Formato PDF) Resoluci\u00f3n N\u00b0 15-ME-2022 Contacto con la coordinaci\u00f3n de la carrera: coordinacion.musica@ifdcvm.edu.ar<\/p>\n","protected":false},"author":1518,"featured_media":0,"parent":0,"menu_order":0,"comment_status":"closed","ping_status":"closed","template":"","meta":[],"acf":[],"_links":{"self":[{"href":"https:\/\/ifdcvm-slu.infd.edu.ar\/sitio\/wp-json\/wp\/v2\/pages\/2772"}],"collection":[{"href":"https:\/\/ifdcvm-slu.infd.edu.ar\/sitio\/wp-json\/wp\/v2\/pages"}],"about":[{"href":"https:\/\/ifdcvm-slu.infd.edu.ar\/sitio\/wp-json\/wp\/v2\/types\/page"}],"author":[{"embeddable":true,"href":"https:\/\/ifdcvm-slu.infd.edu.ar\/sitio\/wp-json\/wp\/v2\/users\/1518"}],"replies":[{"embeddable":true,"href":"https:\/\/ifdcvm-slu.infd.edu.ar\/sitio\/wp-json\/wp\/v2\/comments?post=2772"}],"version-history":[{"count":6,"href":"https:\/\/ifdcvm-slu.infd.edu.ar\/sitio\/wp-json\/wp\/v2\/pages\/2772\/revisions"}],"predecessor-version":[{"id":15229,"href":"https:\/\/ifdcvm-slu.infd.edu.ar\/sitio\/wp-json\/wp\/v2\/pages\/2772\/revisions\/15229"}],"wp:attachment":[{"href":"https:\/\/ifdcvm-slu.infd.edu.ar\/sitio\/wp-json\/wp\/v2\/media?parent=2772"}],"curies":[{"name":"wp","href":"https:\/\/api.w.org\/{rel}","templated":true}]}}