{"id":2774,"date":"2018-07-02T19:26:42","date_gmt":"2018-07-02T22:26:42","guid":{"rendered":"https:\/\/ifdcvm-slu.infd.edu.ar\/sitio\/planes-de-estudio-4\/"},"modified":"2024-05-27T12:51:01","modified_gmt":"2024-05-27T15:51:01","slug":"planes-de-estudio-4","status":"publish","type":"page","link":"https:\/\/ifdcvm-slu.infd.edu.ar\/sitio\/planes-de-estudio-4\/","title":{"rendered":"Planes de estudio"},"content":{"rendered":"<h3>Profesorado de Artes Visuales<\/h3>\n<hr \/>\n<p><strong><img decoding=\"async\" class=\"emoji\" role=\"img\" draggable=\"false\" src=\"https:\/\/s.w.org\/images\/core\/emoji\/14.0.0\/svg\/1f9d0.svg\" alt=\"&#x1f9d0;\" \/>ACTUALIZACI\u00d3N<\/strong>: Si quer\u00e9s visualizar el plan de estudio en un formato m\u00e1s amigable ingres\u00e1\u00a0<a href=\"https:\/\/ifdcvm-slu.infd.edu.ar\/sitio\/planes-de-estudio-vigentes\/\">aqu\u00ed<\/a><\/p>\n<p><em>Resoluciones de los planes de estudio:<\/em><\/p>\n<p><a href=\"https:\/\/drive.google.com\/file\/d\/1LLQC0YoFZaJlNKJHt4SOWJXy5ICJRP4R\/view?usp=sharing\" target=\"_blank\" rel=\"noopener\">Decreto N\u00b0 1963-MP-2003<\/a><\/p>\n<p><a href=\"https:\/\/drive.google.com\/file\/d\/1mtL1S7WwKZjjBa_zXS0hTlSyD0MSdZJn\/view?usp=sharing\" target=\"_blank\" rel=\"noopener\">Resoluci\u00f3n N\u00b0 151-ME-2009<\/a><\/p>\n<p><a href=\"https:\/\/drive.google.com\/file\/d\/1S49GqomHnAYWXaeymoWsWpNA2eGZhiBv\/view?usp=sharing\" target=\"_blank\" rel=\"noopener\">Resoluci\u00f3n N\u00b0 241-ME-2011<\/a><\/p>\n<p><a href=\"https:\/\/drive.google.com\/file\/d\/1HwzdBvEwI_gUuc_tuCKCVq6c6gO8OgUd\/view?usp=sharing\" target=\"_blank\" rel=\"noopener\">Resoluci\u00f3n N\u00b0 286-ME-2016<\/a><\/p>\n<p><a href=\"https:\/\/drive.google.com\/file\/d\/0B1W8DH-HGW-gVXVuX2FYNktVUmM\/view?usp=sharing\" target=\"_blank\" rel=\"noopener\">Estructura curricular de la carrera<\/a> (Res. 286-ME-2016)<\/p>\n<p><a href=\"https:\/\/ifdcvm-slu.infd.edu.ar\/sitio\/wp-content\/uploads\/2022\/02\/RESOLU-7-ME-2022-ARTES-VISUALES.pdf\">Resoluci\u00f3n N\u00b0 7-ME-2022<\/a><\/p>\n\n\n<p class=\"has-contrast-color has-base-background-color has-text-color has-background\">Contacto con la coordinaci\u00f3n de la carrera: coordinacion.artesvisuales@ifdcvm.edu.ar<\/p>\n","protected":false},"excerpt":{"rendered":"<p>Profesorado de Artes Visuales ACTUALIZACI\u00d3N: Si quer\u00e9s visualizar el plan de estudio en un formato m\u00e1s amigable ingres\u00e1\u00a0aqu\u00ed Resoluciones de los planes de estudio: Decreto N\u00b0 1963-MP-2003 Resoluci\u00f3n N\u00b0 151-ME-2009 Resoluci\u00f3n N\u00b0 241-ME-2011 Resoluci\u00f3n N\u00b0 286-ME-2016 Estructura curricular de la carrera (Res. 286-ME-2016) Resoluci\u00f3n N\u00b0 7-ME-2022 Contacto con la coordinaci\u00f3n de la carrera: coordinacion.artesvisuales@ifdcvm.edu.ar<\/p>\n","protected":false},"author":792,"featured_media":0,"parent":0,"menu_order":0,"comment_status":"closed","ping_status":"closed","template":"","meta":[],"acf":[],"_links":{"self":[{"href":"https:\/\/ifdcvm-slu.infd.edu.ar\/sitio\/wp-json\/wp\/v2\/pages\/2774"}],"collection":[{"href":"https:\/\/ifdcvm-slu.infd.edu.ar\/sitio\/wp-json\/wp\/v2\/pages"}],"about":[{"href":"https:\/\/ifdcvm-slu.infd.edu.ar\/sitio\/wp-json\/wp\/v2\/types\/page"}],"author":[{"embeddable":true,"href":"https:\/\/ifdcvm-slu.infd.edu.ar\/sitio\/wp-json\/wp\/v2\/users\/792"}],"replies":[{"embeddable":true,"href":"https:\/\/ifdcvm-slu.infd.edu.ar\/sitio\/wp-json\/wp\/v2\/comments?post=2774"}],"version-history":[{"count":8,"href":"https:\/\/ifdcvm-slu.infd.edu.ar\/sitio\/wp-json\/wp\/v2\/pages\/2774\/revisions"}],"predecessor-version":[{"id":15230,"href":"https:\/\/ifdcvm-slu.infd.edu.ar\/sitio\/wp-json\/wp\/v2\/pages\/2774\/revisions\/15230"}],"wp:attachment":[{"href":"https:\/\/ifdcvm-slu.infd.edu.ar\/sitio\/wp-json\/wp\/v2\/media?parent=2774"}],"curies":[{"name":"wp","href":"https:\/\/api.w.org\/{rel}","templated":true}]}}