{"id":2798,"date":"2018-07-02T19:26:51","date_gmt":"2018-07-02T22:26:51","guid":{"rendered":"https:\/\/ifdcvm-slu.infd.edu.ar\/sitio\/consejo-academico-coordinador-4\/"},"modified":"2020-08-18T15:34:24","modified_gmt":"2020-08-18T18:34:24","slug":"consejo-academico-coordinador-4","status":"publish","type":"page","link":"https:\/\/ifdcvm-slu.infd.edu.ar\/sitio\/consejo-academico-coordinador-4\/","title":{"rendered":"Consejo Acad\u00e9mico (Coordinador)"},"content":{"rendered":"<div style=\"text-align: center;\">\n<p>Prof. Jos\u00e9 Funes y Prof. Marisa Puebla<\/p>\n<p><strong>Contacto<\/strong>: coordinaci\u00f3n.p.ed.tecnologica@gmail.com<\/p>\n<\/div>\n<p style=\"text-align: center;\"><a href=\"https:\/\/drive.google.com\/file\/d\/1kkA80Bwil7RCQ7knTMes8WqHjGHmkLwZ\/view?usp=sharing\">Resoluci\u00f3n N\u00b0 40\/2020<\/a><\/p>\n","protected":false},"excerpt":{"rendered":"<p>Prof. Jos\u00e9 Funes y Prof. Marisa Puebla Contacto: coordinaci\u00f3n.p.ed.tecnologica@gmail.com Resoluci\u00f3n N\u00b0 40\/2020<\/p>\n","protected":false},"author":792,"featured_media":0,"parent":0,"menu_order":0,"comment_status":"closed","ping_status":"closed","template":"","meta":[],"acf":[],"_links":{"self":[{"href":"https:\/\/ifdcvm-slu.infd.edu.ar\/sitio\/wp-json\/wp\/v2\/pages\/2798"}],"collection":[{"href":"https:\/\/ifdcvm-slu.infd.edu.ar\/sitio\/wp-json\/wp\/v2\/pages"}],"about":[{"href":"https:\/\/ifdcvm-slu.infd.edu.ar\/sitio\/wp-json\/wp\/v2\/types\/page"}],"author":[{"embeddable":true,"href":"https:\/\/ifdcvm-slu.infd.edu.ar\/sitio\/wp-json\/wp\/v2\/users\/792"}],"replies":[{"embeddable":true,"href":"https:\/\/ifdcvm-slu.infd.edu.ar\/sitio\/wp-json\/wp\/v2\/comments?post=2798"}],"version-history":[{"count":3,"href":"https:\/\/ifdcvm-slu.infd.edu.ar\/sitio\/wp-json\/wp\/v2\/pages\/2798\/revisions"}],"predecessor-version":[{"id":8870,"href":"https:\/\/ifdcvm-slu.infd.edu.ar\/sitio\/wp-json\/wp\/v2\/pages\/2798\/revisions\/8870"}],"wp:attachment":[{"href":"https:\/\/ifdcvm-slu.infd.edu.ar\/sitio\/wp-json\/wp\/v2\/media?parent=2798"}],"curies":[{"name":"wp","href":"https:\/\/api.w.org\/{rel}","templated":true}]}}