{"id":2813,"date":"2018-07-10T12:50:02","date_gmt":"2018-07-10T15:50:02","guid":{"rendered":"https:\/\/ifdcvm-slu.infd.edu.ar\/sitio\/?page_id=2813"},"modified":"2025-08-12T09:18:02","modified_gmt":"2025-08-12T12:18:02","slug":"artes-visuales","status":"publish","type":"page","link":"https:\/\/ifdcvm-slu.infd.edu.ar\/sitio\/artes-visuales\/","title":{"rendered":"Oferta Educativa 2026 &#8211; Profesorado de Artes Visuales"},"content":{"rendered":"<p><strong>Nombre de la carrera: PROFESORADO DE ARTES VISUALES (<a href=\"https:\/\/ifdcvm-slu.infd.edu.ar\/sitio\/wp-content\/uploads\/2022\/02\/RESOLU-7-ME-2022-ARTES-VISUALES.pdf\">RES. N\u00b0 07-ME-2022<\/a>)<\/strong><\/p>\n<p><strong>T\u00edtulo que otorga<\/strong>: PROFESOR\/A DE ARTES VISUALES<\/p>\n<p><strong>Incumbencia del t\u00edtulo<\/strong>: NIVEL INICIAL, PRIMARIO Y SECUNDARIO (en las diversas Modalidades del Sistema Educativo Nacional y Provincial), EDUCACI\u00d3N ART\u00cdSTICA Y EDUCACI\u00d3N ESPECIAL.<\/p>\n<p><strong>Duraci\u00f3n de la carrera<\/strong>: 4 A\u00f1os<\/p>\n<p><img decoding=\"async\" loading=\"lazy\" class=\"alignnone wp-image-16807 size-medium\" src=\"https:\/\/ifdcvm-slu.infd.edu.ar\/sitio\/wp-content\/uploads\/2025\/08\/5-705x1000.png\" alt=\"\" width=\"705\" height=\"1000\" srcset=\"https:\/\/ifdcvm-slu.infd.edu.ar\/sitio\/wp-content\/uploads\/2025\/08\/5-705x1000.png 705w, https:\/\/ifdcvm-slu.infd.edu.ar\/sitio\/wp-content\/uploads\/2025\/08\/5-1339x1900.png 1339w, https:\/\/ifdcvm-slu.infd.edu.ar\/sitio\/wp-content\/uploads\/2025\/08\/5-768x1090.png 768w, https:\/\/ifdcvm-slu.infd.edu.ar\/sitio\/wp-content\/uploads\/2025\/08\/5-1082x1536.png 1082w, https:\/\/ifdcvm-slu.infd.edu.ar\/sitio\/wp-content\/uploads\/2025\/08\/5.png 1409w\" sizes=\"(max-width: 705px) 100vw, 705px\" \/><\/p>\n<p><strong>Perfil del Egresado<\/strong>: La formaci\u00f3n inicial otorgar\u00e1 al egresado\/a competencias para orientar el pensamiento de ni\u00f1os\/as y j\u00f3venes en los diferentes escenarios y \u00e1mbitos del Sistema Educativo Nacional y Provincial, promoviendo el fortalecimiento de la Educaci\u00f3n Art\u00edstica General a trav\u00e9s de la comprensi\u00f3n del lenguaje visual y del desarrollo de pr\u00e1cticas espec\u00edficas (dibujo, pintura, escultura, arte digital). Asimismo, procura analizar y poner en valor el campo art\u00edstico cultural local, regional, latinoamericano y global, tanto como la producci\u00f3n de obras de arte, a fin de reconocer las cualidades que componen dicho campo y sus aspectos productivos.<\/p>\n<pre style=\"text-align: center;\"><a href=\"https:\/\/ifdcvm-slu.infd.edu.ar\/sitio\/wp-content\/uploads\/2022\/09\/PLAN_DE_ESTUDIOS_ARTES-VISUALES.pdf\">PLAN DE ESTUDIOS<\/a><\/pre>\n\n\n<p class=\"has-very-light-gray-to-cyan-bluish-gray-gradient-background has-background\"><a href=\"https:\/\/ifdcvm-slu.infd.edu.ar\/sitio\/oferta-educativa-requisitos-de-preinscripcion\/\" data-type=\"URL\" data-id=\"https:\/\/ifdcvm-slu.infd.edu.ar\/sitio\/oferta-educativa-requisitos-de-preinscripcion\/\" target=\"_blank\" rel=\"noreferrer noopener\">CONOC\u00c9 LOS REQUISITOS DE PREINSCRIPCI\u00d3N<\/a><\/p>\n","protected":false},"excerpt":{"rendered":"<p>Nombre de la carrera: PROFESORADO DE ARTES VISUALES (RES. N\u00b0 07-ME-2022) T\u00edtulo que otorga: PROFESOR\/A DE ARTES VISUALES Incumbencia del t\u00edtulo: NIVEL INICIAL, PRIMARIO Y SECUNDARIO (en las diversas Modalidades del Sistema Educativo Nacional y Provincial), EDUCACI\u00d3N ART\u00cdSTICA Y EDUCACI\u00d3N ESPECIAL. Duraci\u00f3n de la carrera: 4 A\u00f1os Perfil del Egresado: La formaci\u00f3n inicial otorgar\u00e1 al &#8230; <a title=\"Oferta Educativa 2026 &#8211; Profesorado de Artes Visuales\" class=\"read-more\" href=\"https:\/\/ifdcvm-slu.infd.edu.ar\/sitio\/artes-visuales\/\" aria-label=\"More on Oferta Educativa 2026 &#8211; Profesorado de Artes Visuales\">[+]<\/a><\/p>\n","protected":false},"author":1518,"featured_media":0,"parent":0,"menu_order":0,"comment_status":"closed","ping_status":"closed","template":"","meta":[],"acf":[],"_links":{"self":[{"href":"https:\/\/ifdcvm-slu.infd.edu.ar\/sitio\/wp-json\/wp\/v2\/pages\/2813"}],"collection":[{"href":"https:\/\/ifdcvm-slu.infd.edu.ar\/sitio\/wp-json\/wp\/v2\/pages"}],"about":[{"href":"https:\/\/ifdcvm-slu.infd.edu.ar\/sitio\/wp-json\/wp\/v2\/types\/page"}],"author":[{"embeddable":true,"href":"https:\/\/ifdcvm-slu.infd.edu.ar\/sitio\/wp-json\/wp\/v2\/users\/1518"}],"replies":[{"embeddable":true,"href":"https:\/\/ifdcvm-slu.infd.edu.ar\/sitio\/wp-json\/wp\/v2\/comments?post=2813"}],"version-history":[{"count":22,"href":"https:\/\/ifdcvm-slu.infd.edu.ar\/sitio\/wp-json\/wp\/v2\/pages\/2813\/revisions"}],"predecessor-version":[{"id":16877,"href":"https:\/\/ifdcvm-slu.infd.edu.ar\/sitio\/wp-json\/wp\/v2\/pages\/2813\/revisions\/16877"}],"wp:attachment":[{"href":"https:\/\/ifdcvm-slu.infd.edu.ar\/sitio\/wp-json\/wp\/v2\/media?parent=2813"}],"curies":[{"name":"wp","href":"https:\/\/api.w.org\/{rel}","templated":true}]}}