{"id":2815,"date":"2018-07-10T12:50:02","date_gmt":"2018-07-10T15:50:02","guid":{"rendered":"https:\/\/ifdcvm-slu.infd.edu.ar\/sitio\/?page_id=2815"},"modified":"2025-08-12T09:15:16","modified_gmt":"2025-08-12T12:15:16","slug":"prof-matematica","status":"publish","type":"page","link":"https:\/\/ifdcvm-slu.infd.edu.ar\/sitio\/prof-matematica\/","title":{"rendered":"Oferta Educativa 2026 &#8211; Profesorado de Matem\u00e1tica"},"content":{"rendered":"<p><strong>Nombre de la carrera:<\/strong> <strong>PROFESORADO DE EDUCACI\u00d3N SECUNDARIA EN MATEM\u00c1TICA (<a href=\"https:\/\/ifdcvm-slu.infd.edu.ar\/sitio\/wp-content\/uploads\/2022\/02\/RESOLU-6-ME-MATEMATICA.pdf\">RES. N\u00b0 6-ME-2022<\/a>)<\/strong><\/p>\n<p><strong>T\u00edtulo que otorga<\/strong>: PROFESOR\/A DE EDUCACI\u00d3N SECUNDARIA EN MATEM\u00c1TICA<\/p>\n<p><strong>Incumbencia del t\u00edtulo<\/strong>: NIVEL SECUNDARIO<\/p>\n<p><strong>Duraci\u00f3n de la carrera<\/strong>: 4 A\u00f1os<\/p>\n<p><img decoding=\"async\" loading=\"lazy\" class=\"alignnone wp-image-16802 size-medium\" src=\"https:\/\/ifdcvm-slu.infd.edu.ar\/sitio\/wp-content\/uploads\/2025\/08\/3-705x1000.png\" alt=\"\" width=\"705\" height=\"1000\" srcset=\"https:\/\/ifdcvm-slu.infd.edu.ar\/sitio\/wp-content\/uploads\/2025\/08\/3-705x1000.png 705w, https:\/\/ifdcvm-slu.infd.edu.ar\/sitio\/wp-content\/uploads\/2025\/08\/3-1339x1900.png 1339w, https:\/\/ifdcvm-slu.infd.edu.ar\/sitio\/wp-content\/uploads\/2025\/08\/3-768x1090.png 768w, https:\/\/ifdcvm-slu.infd.edu.ar\/sitio\/wp-content\/uploads\/2025\/08\/3-1082x1536.png 1082w, https:\/\/ifdcvm-slu.infd.edu.ar\/sitio\/wp-content\/uploads\/2025\/08\/3.png 1409w\" sizes=\"(max-width: 705px) 100vw, 705px\" \/><\/p>\n<p style=\"text-align: left;\"><strong>Perfil del Egresado<\/strong>: La formaci\u00f3n inicial otorgar\u00e1 al egresado\/a competencias para orientar el pensamiento de adolescentes y j\u00f3venes en los diferentes escenarios y \u00e1mbitos del Sistema Educativo Nacional y Provincial y para tomar decisiones con el objetivo de alcanzar metas de ense\u00f1anza que atiendan a las demandas de conocimiento de la sociedad actual y respondan a un ideal permanente de excelencia educativa. Asimismo, para poder desempe\u00f1arse con idoneidad, a partir de haber incorporado s\u00f3lidos conocimientos cient\u00edficos y metodol\u00f3gicos disciplinares, en instituciones y contextos espec\u00edficos, trabajando en equipos interdisciplinarios para formular y poner en pr\u00e1ctica programas educativos que den respuestas a las necesidades y demandas del \u00e1rea de Matem\u00e1tica.<\/p>\n<pre style=\"text-align: center;\"><a href=\"https:\/\/ifdcvm-slu.infd.edu.ar\/sitio\/wp-content\/uploads\/2022\/09\/PLAN_DE_ESTUDIOS_MATEMATICA.pdf\">PLAN DE ESTUDIOS<\/a><\/pre>\n\n\n<p class=\"has-very-light-gray-to-cyan-bluish-gray-gradient-background has-background\"><a href=\"https:\/\/ifdcvm-slu.infd.edu.ar\/sitio\/oferta-educativa-requisitos-de-preinscripcion\/\" data-type=\"URL\" data-id=\"https:\/\/ifdcvm-slu.infd.edu.ar\/sitio\/oferta-educativa-requisitos-de-preinscripcion\/\" target=\"_blank\" rel=\"noreferrer noopener\">CONOC\u00c9 LOS REQUISITOS DE PREINSCRIPCI\u00d3N<\/a><\/p>\n","protected":false},"excerpt":{"rendered":"<p>Nombre de la carrera: PROFESORADO DE EDUCACI\u00d3N SECUNDARIA EN MATEM\u00c1TICA (RES. N\u00b0 6-ME-2022) T\u00edtulo que otorga: PROFESOR\/A DE EDUCACI\u00d3N SECUNDARIA EN MATEM\u00c1TICA Incumbencia del t\u00edtulo: NIVEL SECUNDARIO Duraci\u00f3n de la carrera: 4 A\u00f1os Perfil del Egresado: La formaci\u00f3n inicial otorgar\u00e1 al egresado\/a competencias para orientar el pensamiento de adolescentes y j\u00f3venes en los diferentes escenarios &#8230; <a title=\"Oferta Educativa 2026 &#8211; Profesorado de Matem\u00e1tica\" class=\"read-more\" href=\"https:\/\/ifdcvm-slu.infd.edu.ar\/sitio\/prof-matematica\/\" aria-label=\"More on Oferta Educativa 2026 &#8211; Profesorado de Matem\u00e1tica\">[+]<\/a><\/p>\n","protected":false},"author":1518,"featured_media":0,"parent":0,"menu_order":0,"comment_status":"closed","ping_status":"closed","template":"","meta":[],"acf":[],"_links":{"self":[{"href":"https:\/\/ifdcvm-slu.infd.edu.ar\/sitio\/wp-json\/wp\/v2\/pages\/2815"}],"collection":[{"href":"https:\/\/ifdcvm-slu.infd.edu.ar\/sitio\/wp-json\/wp\/v2\/pages"}],"about":[{"href":"https:\/\/ifdcvm-slu.infd.edu.ar\/sitio\/wp-json\/wp\/v2\/types\/page"}],"author":[{"embeddable":true,"href":"https:\/\/ifdcvm-slu.infd.edu.ar\/sitio\/wp-json\/wp\/v2\/users\/1518"}],"replies":[{"embeddable":true,"href":"https:\/\/ifdcvm-slu.infd.edu.ar\/sitio\/wp-json\/wp\/v2\/comments?post=2815"}],"version-history":[{"count":25,"href":"https:\/\/ifdcvm-slu.infd.edu.ar\/sitio\/wp-json\/wp\/v2\/pages\/2815\/revisions"}],"predecessor-version":[{"id":16872,"href":"https:\/\/ifdcvm-slu.infd.edu.ar\/sitio\/wp-json\/wp\/v2\/pages\/2815\/revisions\/16872"}],"wp:attachment":[{"href":"https:\/\/ifdcvm-slu.infd.edu.ar\/sitio\/wp-json\/wp\/v2\/media?parent=2815"}],"curies":[{"name":"wp","href":"https:\/\/api.w.org\/{rel}","templated":true}]}}