{"id":2816,"date":"2018-07-10T12:50:02","date_gmt":"2018-07-10T15:50:02","guid":{"rendered":"https:\/\/ifdcvm-slu.infd.edu.ar\/sitio\/?page_id=2816"},"modified":"2025-08-12T09:20:57","modified_gmt":"2025-08-12T12:20:57","slug":"prof-l-y-literatura","status":"publish","type":"page","link":"https:\/\/ifdcvm-slu.infd.edu.ar\/sitio\/prof-l-y-literatura\/","title":{"rendered":"Oferta Educativa 2026 &#8211; Profesorado de Lengua y Literatura"},"content":{"rendered":"<p><span style=\"text-decoration: underline;\"><strong>\u00a0<\/strong><\/span><\/p>\n<p><strong>Nombre de la carrera: PROFESORADO DE EDUCACI\u00d3N SECUNDARIA EN LENGUA Y LITERATURA (<a href=\"https:\/\/ifdcvm-slu.infd.edu.ar\/sitio\/wp-content\/uploads\/2022\/02\/RESOLU-12-ME-2022-LENGUA-Y-LITERATURA.pdf\">RES. N\u00b0 12-ME-2022<\/a>)<\/strong><\/p>\n<p><strong>T\u00edtulo que otorga<\/strong>: PROFESOR\/A DE EDUCACI\u00d3N DE EDUCACI\u00d3N SECUNDARIA EN LENGUA Y LITERATURA<\/p>\n<p><strong>Incumbencia del t\u00edtulo<\/strong>: NIVEL SECUNDARIO<\/p>\n<p><strong>Duraci\u00f3n de la carrera<\/strong>: 4 A\u00f1os<\/p>\n<p><img decoding=\"async\" loading=\"lazy\" class=\"alignnone wp-image-16811 size-medium\" src=\"https:\/\/ifdcvm-slu.infd.edu.ar\/sitio\/wp-content\/uploads\/2025\/08\/7-705x1000.png\" alt=\"\" width=\"705\" height=\"1000\" srcset=\"https:\/\/ifdcvm-slu.infd.edu.ar\/sitio\/wp-content\/uploads\/2025\/08\/7-705x1000.png 705w, https:\/\/ifdcvm-slu.infd.edu.ar\/sitio\/wp-content\/uploads\/2025\/08\/7-1339x1900.png 1339w, https:\/\/ifdcvm-slu.infd.edu.ar\/sitio\/wp-content\/uploads\/2025\/08\/7-768x1090.png 768w, https:\/\/ifdcvm-slu.infd.edu.ar\/sitio\/wp-content\/uploads\/2025\/08\/7-1082x1536.png 1082w, https:\/\/ifdcvm-slu.infd.edu.ar\/sitio\/wp-content\/uploads\/2025\/08\/7.png 1409w\" sizes=\"(max-width: 705px) 100vw, 705px\" \/><\/p>\n<p><strong>Perfil del Egresado<\/strong>: La formaci\u00f3n inicial otorgar\u00e1 al egresado\/a competencias para orientar el pensamiento de adolescentes y j\u00f3venes en los diferentes escenarios y \u00e1mbitos del Sistema Educativo Nacional y Provincial y para tomar decisiones con el objetivo de alcanzar metas de ense\u00f1anza que atiendan a las demandas de conocimiento de la sociedad actual y respondan a un ideal permanente de excelencia educativa. Asimismo, para planificar, dise\u00f1ar y ejecutar con flexibilidad propuestas de ense\u00f1anza que sustenten su significatividad en su relaci\u00f3n con el contexto sociopol\u00edtico, sociocultural y socioling\u00fc\u00edstico que den respuesta de manera creativa a la necesidad de atender a la diversidad y a la interculturalidad.<\/p>\n<pre style=\"text-align: center;\"><a href=\"https:\/\/ifdcvm-slu.infd.edu.ar\/sitio\/wp-content\/uploads\/2022\/09\/PLAN_DE_ESTUDIOS_LENGUA-Y-LITERATURA.pdf\">PLAN DE ESTUDIOS<\/a><\/pre>\n\n\n<p class=\"has-very-light-gray-to-cyan-bluish-gray-gradient-background has-background\"><a href=\"https:\/\/ifdcvm-slu.infd.edu.ar\/sitio\/oferta-educativa-requisitos-de-preinscripcion\/\" data-type=\"URL\" data-id=\"https:\/\/ifdcvm-slu.infd.edu.ar\/sitio\/oferta-educativa-requisitos-de-preinscripcion\/\" target=\"_blank\" rel=\"noreferrer noopener\">CONOC\u00c9 LOS REQUISITOS DE PREINSCRIPCI\u00d3N<\/a><\/p>\n","protected":false},"excerpt":{"rendered":"<p>\u00a0 Nombre de la carrera: PROFESORADO DE EDUCACI\u00d3N SECUNDARIA EN LENGUA Y LITERATURA (RES. N\u00b0 12-ME-2022) T\u00edtulo que otorga: PROFESOR\/A DE EDUCACI\u00d3N DE EDUCACI\u00d3N SECUNDARIA EN LENGUA Y LITERATURA Incumbencia del t\u00edtulo: NIVEL SECUNDARIO Duraci\u00f3n de la carrera: 4 A\u00f1os Perfil del Egresado: La formaci\u00f3n inicial otorgar\u00e1 al egresado\/a competencias para orientar el pensamiento de &#8230; <a title=\"Oferta Educativa 2026 &#8211; Profesorado de Lengua y Literatura\" class=\"read-more\" href=\"https:\/\/ifdcvm-slu.infd.edu.ar\/sitio\/prof-l-y-literatura\/\" aria-label=\"More on Oferta Educativa 2026 &#8211; Profesorado de Lengua y Literatura\">[+]<\/a><\/p>\n","protected":false},"author":1518,"featured_media":0,"parent":0,"menu_order":0,"comment_status":"closed","ping_status":"closed","template":"","meta":[],"acf":[],"_links":{"self":[{"href":"https:\/\/ifdcvm-slu.infd.edu.ar\/sitio\/wp-json\/wp\/v2\/pages\/2816"}],"collection":[{"href":"https:\/\/ifdcvm-slu.infd.edu.ar\/sitio\/wp-json\/wp\/v2\/pages"}],"about":[{"href":"https:\/\/ifdcvm-slu.infd.edu.ar\/sitio\/wp-json\/wp\/v2\/types\/page"}],"author":[{"embeddable":true,"href":"https:\/\/ifdcvm-slu.infd.edu.ar\/sitio\/wp-json\/wp\/v2\/users\/1518"}],"replies":[{"embeddable":true,"href":"https:\/\/ifdcvm-slu.infd.edu.ar\/sitio\/wp-json\/wp\/v2\/comments?post=2816"}],"version-history":[{"count":20,"href":"https:\/\/ifdcvm-slu.infd.edu.ar\/sitio\/wp-json\/wp\/v2\/pages\/2816\/revisions"}],"predecessor-version":[{"id":16879,"href":"https:\/\/ifdcvm-slu.infd.edu.ar\/sitio\/wp-json\/wp\/v2\/pages\/2816\/revisions\/16879"}],"wp:attachment":[{"href":"https:\/\/ifdcvm-slu.infd.edu.ar\/sitio\/wp-json\/wp\/v2\/media?parent=2816"}],"curies":[{"name":"wp","href":"https:\/\/api.w.org\/{rel}","templated":true}]}}