{"id":2819,"date":"2018-07-10T12:50:02","date_gmt":"2018-07-10T15:50:02","guid":{"rendered":"https:\/\/ifdcvm-slu.infd.edu.ar\/sitio\/?page_id=2819"},"modified":"2025-08-12T09:21:26","modified_gmt":"2025-08-12T12:21:26","slug":"tecnic-tec-industriales","status":"publish","type":"page","link":"https:\/\/ifdcvm-slu.infd.edu.ar\/sitio\/tecnic-tec-industriales\/","title":{"rendered":"Oferta Educativa 2026: Tecnicatura Superior en Tecnolog\u00edas Industriales"},"content":{"rendered":"<p><strong>Nombre de la carrera: TECNICATURA SUPERIOR EN TECNOLOG\u00cdAS INDUSTRIALES (<a href=\"https:\/\/drive.google.com\/file\/d\/1SUZcPr63hGbyYOaPVNn2wdZB6Oc2KdNA\/view?usp=sharing\">RES. 96 ME-2015<\/a>)<\/strong><\/p>\n<p><strong>T\u00edtulo que otorga<\/strong>: T\u00c9CNICO\/A SUPERIOR EN TECNOLOG\u00cdAS INDUSTRIALES<\/p>\n<p><strong>Incumbencia del t\u00edtulo<\/strong>: la Tecnicatura Superior en Tecnolog\u00edas Industriales est\u00e1 destinada a facilitar la incorporaci\u00f3n de t\u00e9cnicos s\u00f3lidamente formados al mundo laboral, como as\u00ed tambi\u00e9n promover el desarrollo profesional mediante una formaci\u00f3n de alto nivel pensada para satisfacer las necesidades del sector de la industria en sus cuadros intermedios y superiores.<\/p>\n<p><strong>Duraci\u00f3n de la carrera<\/strong>: 3 A\u00f1os<\/p>\n<p><img decoding=\"async\" loading=\"lazy\" class=\"alignnone wp-image-16813 size-medium\" src=\"https:\/\/ifdcvm-slu.infd.edu.ar\/sitio\/wp-content\/uploads\/2025\/08\/8-705x1000.png\" alt=\"\" width=\"705\" height=\"1000\" srcset=\"https:\/\/ifdcvm-slu.infd.edu.ar\/sitio\/wp-content\/uploads\/2025\/08\/8-705x1000.png 705w, https:\/\/ifdcvm-slu.infd.edu.ar\/sitio\/wp-content\/uploads\/2025\/08\/8-1339x1900.png 1339w, https:\/\/ifdcvm-slu.infd.edu.ar\/sitio\/wp-content\/uploads\/2025\/08\/8-768x1090.png 768w, https:\/\/ifdcvm-slu.infd.edu.ar\/sitio\/wp-content\/uploads\/2025\/08\/8-1082x1536.png 1082w, https:\/\/ifdcvm-slu.infd.edu.ar\/sitio\/wp-content\/uploads\/2025\/08\/8.png 1409w\" sizes=\"(max-width: 705px) 100vw, 705px\" \/><\/p>\n<p><strong>Perfil del Egresado<\/strong>: la formaci\u00f3n inicial otorgar\u00e1 al egresado\/a competencias para dise\u00f1ar y montar equipos (mec\u00e1nicos, neum\u00e1ticos, oleo-hidr\u00e1ulicos, el\u00e9ctricos y electromec\u00e1nicos) e instalaciones industriales; interpretar las caracter\u00edsticas t\u00e9cnicas y funcionales de los equipos e instalaciones; dise\u00f1ar herramientas y dispositivos; administrar documentaci\u00f3n t\u00e9cnica; operar equipos e instalaciones industriales, de edificios e infraestructura urbana; programar sistemas autom\u00e1ticos; elaborar planes y programas de mantenimiento a corto, mediano y largo plazo; realizar y\/o supervisar las tareas de mantenimiento preventivo, predictivo y correctivo y, generar y\/o participar en emprendimientos empresarios industriales.<span style=\"font-family: book antiqua,palatino;\"><strong>&nbsp;<\/strong><\/span><\/p>\n<pre style=\"text-align: center;\"><a href=\"https:\/\/ifdcvm-slu.infd.edu.ar\/sitio\/wp-content\/uploads\/2022\/09\/TSTI.pdf\">PLAN DE ESTUDIOS<\/a><\/pre>\n\n\n<p class=\"has-very-light-gray-to-cyan-bluish-gray-gradient-background has-background\"><a href=\"https:\/\/ifdcvm-slu.infd.edu.ar\/sitio\/oferta-educativa-requisitos-de-preinscripcion\/\" data-type=\"URL\" data-id=\"https:\/\/ifdcvm-slu.infd.edu.ar\/sitio\/oferta-educativa-requisitos-de-preinscripcion\/\" target=\"_blank\" rel=\"noreferrer noopener\">CONOC\u00c9 LOS REQUISITOS DE PREINSCRIPCI\u00d3N<\/a><\/p>\n","protected":false},"excerpt":{"rendered":"<p>Nombre de la carrera: TECNICATURA SUPERIOR EN TECNOLOG\u00cdAS INDUSTRIALES (RES. 96 ME-2015) T\u00edtulo que otorga: T\u00c9CNICO\/A SUPERIOR EN TECNOLOG\u00cdAS INDUSTRIALES Incumbencia del t\u00edtulo: la Tecnicatura Superior en Tecnolog\u00edas Industriales est\u00e1 destinada a facilitar la incorporaci\u00f3n de t\u00e9cnicos s\u00f3lidamente formados al mundo laboral, como as\u00ed tambi\u00e9n promover el desarrollo profesional mediante una formaci\u00f3n de alto nivel &#8230; <a title=\"Oferta Educativa 2026: Tecnicatura Superior en Tecnolog\u00edas Industriales\" class=\"read-more\" href=\"https:\/\/ifdcvm-slu.infd.edu.ar\/sitio\/tecnic-tec-industriales\/\" aria-label=\"More on Oferta Educativa 2026: Tecnicatura Superior en Tecnolog\u00edas Industriales\">[+]<\/a><\/p>\n","protected":false},"author":1518,"featured_media":0,"parent":0,"menu_order":0,"comment_status":"closed","ping_status":"closed","template":"","meta":[],"acf":[],"_links":{"self":[{"href":"https:\/\/ifdcvm-slu.infd.edu.ar\/sitio\/wp-json\/wp\/v2\/pages\/2819"}],"collection":[{"href":"https:\/\/ifdcvm-slu.infd.edu.ar\/sitio\/wp-json\/wp\/v2\/pages"}],"about":[{"href":"https:\/\/ifdcvm-slu.infd.edu.ar\/sitio\/wp-json\/wp\/v2\/types\/page"}],"author":[{"embeddable":true,"href":"https:\/\/ifdcvm-slu.infd.edu.ar\/sitio\/wp-json\/wp\/v2\/users\/1518"}],"replies":[{"embeddable":true,"href":"https:\/\/ifdcvm-slu.infd.edu.ar\/sitio\/wp-json\/wp\/v2\/comments?post=2819"}],"version-history":[{"count":23,"href":"https:\/\/ifdcvm-slu.infd.edu.ar\/sitio\/wp-json\/wp\/v2\/pages\/2819\/revisions"}],"predecessor-version":[{"id":16880,"href":"https:\/\/ifdcvm-slu.infd.edu.ar\/sitio\/wp-json\/wp\/v2\/pages\/2819\/revisions\/16880"}],"wp:attachment":[{"href":"https:\/\/ifdcvm-slu.infd.edu.ar\/sitio\/wp-json\/wp\/v2\/media?parent=2819"}],"curies":[{"name":"wp","href":"https:\/\/api.w.org\/{rel}","templated":true}]}}