{"id":2856,"date":"2018-07-02T19:27:19","date_gmt":"2018-07-02T22:27:19","guid":{"rendered":"https:\/\/ifdcvm-slu.infd.edu.ar\/sitio\/horarios-de-atencion\/"},"modified":"2023-07-06T12:08:16","modified_gmt":"2023-07-06T15:08:16","slug":"horarios-de-atencion","status":"publish","type":"page","link":"https:\/\/ifdcvm-slu.infd.edu.ar\/sitio\/horarios-de-atencion\/","title":{"rendered":"Horarios de atenci\u00f3n"},"content":{"rendered":"<p>Puede comunicarse con Rector\u00eda escribiendo un correo electr\u00f3nico a <span style=\"color: #0000ff;\"><strong>rectorado@ifdcvm.edu.ar<\/strong><\/span><\/p>\n","protected":false},"excerpt":{"rendered":"<p>Puede comunicarse con Rector\u00eda escribiendo un correo electr\u00f3nico a rectorado@ifdcvm.edu.ar<\/p>\n","protected":false},"author":792,"featured_media":0,"parent":0,"menu_order":0,"comment_status":"closed","ping_status":"closed","template":"","meta":[],"acf":[],"_links":{"self":[{"href":"https:\/\/ifdcvm-slu.infd.edu.ar\/sitio\/wp-json\/wp\/v2\/pages\/2856"}],"collection":[{"href":"https:\/\/ifdcvm-slu.infd.edu.ar\/sitio\/wp-json\/wp\/v2\/pages"}],"about":[{"href":"https:\/\/ifdcvm-slu.infd.edu.ar\/sitio\/wp-json\/wp\/v2\/types\/page"}],"author":[{"embeddable":true,"href":"https:\/\/ifdcvm-slu.infd.edu.ar\/sitio\/wp-json\/wp\/v2\/users\/792"}],"replies":[{"embeddable":true,"href":"https:\/\/ifdcvm-slu.infd.edu.ar\/sitio\/wp-json\/wp\/v2\/comments?post=2856"}],"version-history":[{"count":3,"href":"https:\/\/ifdcvm-slu.infd.edu.ar\/sitio\/wp-json\/wp\/v2\/pages\/2856\/revisions"}],"predecessor-version":[{"id":13920,"href":"https:\/\/ifdcvm-slu.infd.edu.ar\/sitio\/wp-json\/wp\/v2\/pages\/2856\/revisions\/13920"}],"wp:attachment":[{"href":"https:\/\/ifdcvm-slu.infd.edu.ar\/sitio\/wp-json\/wp\/v2\/media?parent=2856"}],"curies":[{"name":"wp","href":"https:\/\/api.w.org\/{rel}","templated":true}]}}