{"id":2870,"date":"2018-07-02T19:27:24","date_gmt":"2018-07-02T22:27:24","guid":{"rendered":"https:\/\/ifdcvm-slu.infd.edu.ar\/sitio\/sema\/"},"modified":"2019-10-31T16:19:22","modified_gmt":"2019-10-31T19:19:22","slug":"sema","status":"publish","type":"page","link":"https:\/\/ifdcvm-slu.infd.edu.ar\/sitio\/sema\/","title":{"rendered":"SEMA"},"content":{"rendered":"<p><span style=\"text-decoration: underline; font-family: 'book antiqua', palatino; font-size: 12pt; color: #000000;\"><strong>IMPORTANTE:\u00a0\u00a0<\/strong><\/span><\/p>\n<p><span style=\"text-decoration-line: underline; font-family: 'book antiqua', palatino; font-size: 12pt; color: #ff0000;\"><strong>HORARIO DE ATENCI\u00d3N DEL M\u00c9DICO AUDITOR<\/strong><\/span><\/p>\n<p><span style=\"text-decoration-line: underline; font-family: 'book antiqua', palatino; font-size: 12pt; color: #ff0000;\"><strong>Dr. PABLO BALERDI <\/strong><\/span><\/p>\n<p><span style=\"text-decoration-line: underline; font-family: 'book antiqua', palatino; font-size: 12pt; color: #ff0000;\"><strong>D\u00cdAS: LUNES A VIERNES<\/strong><\/span><\/p>\n<p><span style=\"text-decoration-line: underline; font-family: 'book antiqua', palatino; font-size: 12pt; color: #ff0000;\"><strong>HORARIOS: 10:00 A 12:30 HS.<\/strong><\/span><\/p>\n<p>&nbsp;<\/p>\n<p><span style=\"text-decoration: underline; font-family: 'book antiqua', palatino; font-size: 12pt;\"><strong>Horarios:<\/strong><br \/>\n<\/span><\/p>\n<p><span style=\"font-family: 'book antiqua', palatino; font-size: 12pt;\" data-mce-mark=\"1\">Lunes a viernes de 10:00 a 12:30 hs.<\/span><\/p>\n<p><span style=\"font-family: 'book antiqua', palatino; font-size: 12pt;\" data-mce-mark=\"1\">Director: Testa, Roberto &#8211; Casale, Javier<\/span><\/p>\n<p><span style=\"font-family: 'book antiqua', palatino; font-size: 12pt;\" data-mce-mark=\"1\">TEL. (02664) 452000 &#8211; Int. 1064 o VOIP 1064<\/span><\/p>\n<p><span style=\"font-family: 'book antiqua', palatino; font-size: 12pt;\">\u00a0<\/span><\/p>\n<hr style=\"width: 350px;\" width=\"350\" \/>\n<p><span style=\"font-size: 12pt;\">\u00a0<\/span><\/p>\n<p><span style=\"text-decoration: underline; font-family: 'book antiqua', palatino; font-size: 12pt;\"><strong>Requisitos para presentar certificados m\u00e9dicos:<\/strong><\/span><\/p>\n<p><span style=\"text-decoration: underline; font-family: 'book antiqua', palatino; font-size: 12pt;\">Por enfermedad del titular:<\/span><\/p>\n<p><span style=\"font-family: 'book antiqua', palatino; font-size: 12pt;\">Certificado m\u00e9dico con nombre, apellido, dni y diagn\u00f3stico legible.<\/span><\/p>\n<p><span style=\"font-family: 'book antiqua', palatino; font-size: 12pt;\">Firma y sello del m\u00e8dico particular legible.<\/span><\/p>\n<p><span style=\"font-family: 'book antiqua', palatino; font-size: 12pt;\">Si la atenci\u00f3n se realiza fuera de la ciudad anexar pasaje o peaje.<\/span><\/p>\n<p><span style=\"font-family: 'book antiqua', palatino; font-size: 12pt;\">Anexar c\u00f3digo de llamado (solicitarlo al 02664-45200 int 1064 o nec 1064).<\/span><\/p>\n<p><span style=\"font-family: 'book antiqua', palatino; font-size: 12pt;\">Traer medicaci\u00f3n y\/o an\u00e1lisis cl\u00ednicos.<\/span><\/p>\n<p><span style=\"text-decoration: underline; font-family: 'book antiqua', palatino; font-size: 12pt;\">\u00a0<\/span><\/p>\n<p><strong><span style=\"text-decoration: underline; font-family: 'book antiqua', palatino; font-size: 12pt;\">Por atenci\u00f3n familiar:<\/span><\/strong><\/p>\n<p><span style=\"font-family: 'book antiqua', palatino; font-size: 12pt;\">Certificado m\u00e9dico con nombre, apellido y dni del titular.<\/span><\/p>\n<p><span style=\"font-family: 'book antiqua', palatino; font-size: 12pt;\">Nombre, apellido, dni y diagn\u00f3stico legible del fliar. Enfermo.<\/span><\/p>\n<p><span style=\"font-family: 'book antiqua', palatino; font-size: 12pt;\">Firma y sello del m\u00e9dico particular legible.<\/span><\/p>\n<p><span style=\"font-family: 'book antiqua', palatino; font-size: 12pt;\">Fotocopia formulario <a href=\"upload\/img\/logodescarga.jpg\" target=\"_blank\" rel=\"noopener\">DJ 01<\/a> actualizada del a\u00f1o en curso ( <a href=\"upload\/img\/logodescarga.jpg\" target=\"_blank\" rel=\"noopener\">DJ 01<\/a> se actualiza en la oficina en capital humano de 8: 00 hs a 13:30 hs.)<\/span><\/p>\n<p><span style=\"font-family: 'book antiqua', palatino; font-size: 12pt;\">Si la atenci\u00f3n se realiza fuera de la ciudad anexar pasaje o peaje.<\/span><\/p>\n<p><span style=\"font-family: 'book antiqua', palatino; font-size: 12pt;\">Anexar c\u00f3digo de llamado (solicitarlo al 02664-45200 int 1064 o NEC 1064).<\/span><\/p>\n<p><span style=\"font-family: 'book antiqua', palatino; font-size: 12pt;\">Traer medicaci\u00f3n y\/o an\u00e1lisis cl\u00ednicos.<\/span><\/p>\n<p><span style=\"font-family: 'book antiqua', palatino; font-size: 12pt;\"><strong>El certificado puede ser presentado por el titular o familiar directo.<\/strong><\/span><\/p>\n<hr style=\"width: 350px;\" width=\"350\" \/>\n<p><span style=\"font-family: 'book antiqua', palatino; font-size: 12pt;\">A partir del d\u00eda 10\/06\/2013 los certificados m\u00e9dicos deber\u00e1n presentarse de la siguiente manera: sin excepci\u00f3n: <\/span><\/p>\n<p><span style=\"font-family: 'book antiqua', palatino; font-size: 12pt;\">1 o 2 d\u00edas de reposo: presentar el certificado el primer d\u00eda de reposo.<\/span><\/p>\n<p><span style=\"font-family: 'book antiqua', palatino; font-size: 12pt;\">3 d\u00edas o m\u00e1s de reposo: presentar el certificado hasta el segundo d\u00eda de reposo.<\/span><\/p>\n<p><span style=\"font-size: 12pt;\"><strong><span style=\"font-family: book antiqua,palatino;\">El certificado puede ser presentado por el titular o familiar directo.<\/span><\/strong><\/span><\/p>\n<p><span style=\"font-family: 'book antiqua', palatino; font-size: 12pt;\">Los certificados que se presentan fuera de t\u00e9rmino, deber\u00e1n anexarle una nota de descargo dirigida al Sr. Rodriguez Fernando, administrador de SEMA San Luis.<\/span><\/p>\n","protected":false},"excerpt":{"rendered":"<p>IMPORTANTE:\u00a0\u00a0 HORARIO DE ATENCI\u00d3N DEL M\u00c9DICO AUDITOR Dr. PABLO BALERDI D\u00cdAS: LUNES A VIERNES HORARIOS: 10:00 A 12:30 HS. &nbsp; Horarios: Lunes a viernes de 10:00 a 12:30 hs. Director: Testa, Roberto &#8211; Casale, Javier TEL. (02664) 452000 &#8211; Int. 1064 o VOIP 1064 \u00a0 \u00a0 Requisitos para presentar certificados m\u00e9dicos: Por enfermedad del titular: &#8230; <a title=\"SEMA\" class=\"read-more\" href=\"https:\/\/ifdcvm-slu.infd.edu.ar\/sitio\/sema\/\" aria-label=\"More on SEMA\">[+]<\/a><\/p>\n","protected":false},"author":792,"featured_media":0,"parent":0,"menu_order":0,"comment_status":"closed","ping_status":"closed","template":"","meta":[],"acf":[],"_links":{"self":[{"href":"https:\/\/ifdcvm-slu.infd.edu.ar\/sitio\/wp-json\/wp\/v2\/pages\/2870"}],"collection":[{"href":"https:\/\/ifdcvm-slu.infd.edu.ar\/sitio\/wp-json\/wp\/v2\/pages"}],"about":[{"href":"https:\/\/ifdcvm-slu.infd.edu.ar\/sitio\/wp-json\/wp\/v2\/types\/page"}],"author":[{"embeddable":true,"href":"https:\/\/ifdcvm-slu.infd.edu.ar\/sitio\/wp-json\/wp\/v2\/users\/792"}],"replies":[{"embeddable":true,"href":"https:\/\/ifdcvm-slu.infd.edu.ar\/sitio\/wp-json\/wp\/v2\/comments?post=2870"}],"version-history":[{"count":2,"href":"https:\/\/ifdcvm-slu.infd.edu.ar\/sitio\/wp-json\/wp\/v2\/pages\/2870\/revisions"}],"predecessor-version":[{"id":7275,"href":"https:\/\/ifdcvm-slu.infd.edu.ar\/sitio\/wp-json\/wp\/v2\/pages\/2870\/revisions\/7275"}],"wp:attachment":[{"href":"https:\/\/ifdcvm-slu.infd.edu.ar\/sitio\/wp-json\/wp\/v2\/media?parent=2870"}],"curies":[{"name":"wp","href":"https:\/\/api.w.org\/{rel}","templated":true}]}}