{"id":2917,"date":"2018-07-02T19:27:41","date_gmt":"2018-07-02T22:27:41","guid":{"rendered":"https:\/\/ifdcvm-slu.infd.edu.ar\/sitio\/adecuacion-de-plan\/"},"modified":"2025-04-29T14:13:52","modified_gmt":"2025-04-29T17:13:52","slug":"adecuacion-de-plan","status":"publish","type":"page","link":"https:\/\/ifdcvm-slu.infd.edu.ar\/sitio\/adecuacion-de-plan\/","title":{"rendered":"Adecuaci\u00f3n de Plan. Profesorado de Educaci\u00f3n Primaria"},"content":{"rendered":"\n<figure class=\"wp-block-table\"><table><tbody><tr><td><strong>N\u00b0 RES. ADECUACI\u00d3N<\/strong><\/td><td><strong>UNIDAD CURRICULAR<\/strong><\/td><td><strong>ADECUACI\u00d3N<\/strong><\/td><\/tr><tr><td><a href=\"https:\/\/drive.google.com\/file\/d\/1a3NZuWFeehGgCI4rNk3eSuOjSCpQLgz-\/view?usp=drive_link\" target=\"_blank\" rel=\"noreferrer noopener\">RAc 19-2023<\/a><\/td><td>Alfabetizaci\u00f3n Acad\u00e9mica<\/td><td>1\u00b0C 1\u00b0a\u00f1o todos los profesorados de : &#8211; Artes Visuales (Res. N\u00b0 7-ME-2022 y Res. N\u00b0 286-ME-2016) &#8211; M\u00fasica (Res. N\u00b0 15-ME-2022 y Res. N\u00b0 154-ME-2016) &#8211; Ed. Sec. Lengua y Literatura (Res. N\u00b0 12-ME-2022 y Res. N\u00b0 24-ME-2014) &#8211; Ed. Tecnol\u00f3gica (Res. N\u00b0 5-ME-2022 y Res. N\u00b0 03-ME-2019) &#8211; Ed. Sec. en Matem\u00e1tica (Res. N\u00b0 6-ME-2022 y Res. N\u00b0 21-ME-2014)<\/td><\/tr><tr><td><a href=\"https:\/\/drive.google.com\/file\/d\/1fPw4EAkS_wAHWd9DgilPxvJKnCSKo0KI\/view?usp=drive_link\" target=\"_blank\" rel=\"noreferrer noopener\">RAc 184-2024<\/a><\/td><td>Lenguajes Art\u00edsticos: Teatro<\/td><td>todos los profesorados hasta el 2025 planes no vigentes<\/td><\/tr><tr><td><a href=\"https:\/\/drive.google.com\/file\/d\/1nKqdu8gvA5ifzGkB-g5EzNF3uuSHczb-\/view?usp=drive_link\" data-type=\"URL\" data-id=\"https:\/\/drive.google.com\/file\/d\/1nKqdu8gvA5ifzGkB-g5EzNF3uuSHczb-\/view?usp=drive_link\" target=\"_blank\" rel=\"noreferrer noopener\">RAc 65-2022<\/a><\/td><td>Matem\u00e1tica Cs. Sociales<\/td><td>1\u00b0 a\u00f1o Matem\u00e1tica (RES. N\u00b0 199-2014 ) Ciencia Sociales (RES. N\u00b0 8-2022)<\/td><\/tr><tr><td><a href=\"https:\/\/drive.google.com\/file\/d\/1IVT9nEWjKyvgu_NYjzd6vqNl49kXdtfR\/view?usp=drive_link\" data-type=\"URL\" data-id=\"https:\/\/drive.google.com\/file\/d\/1IVT9nEWjKyvgu_NYjzd6vqNl49kXdtfR\/view?usp=drive_link\" target=\"_blank\" rel=\"noreferrer noopener\">RAc 176-2023<\/a><\/td><td>Alfabetizaci\u00f3n Inicial<\/td><td>1\u00b0C 3\u00b0 a\u00f1o (RES. N\u00b0 8-2022)<\/td><\/tr><\/tbody><\/table><\/figure>\n","protected":false},"excerpt":{"rendered":"<p>N\u00b0 RES. ADECUACI\u00d3N UNIDAD CURRICULAR ADECUACI\u00d3N RAc 19-2023 Alfabetizaci\u00f3n Acad\u00e9mica 1\u00b0C 1\u00b0a\u00f1o todos los profesorados de : &#8211; Artes Visuales (Res. N\u00b0 7-ME-2022 y Res. N\u00b0 286-ME-2016) &#8211; M\u00fasica (Res. N\u00b0 15-ME-2022 y Res. N\u00b0 154-ME-2016) &#8211; Ed. Sec. Lengua y Literatura (Res. N\u00b0 12-ME-2022 y Res. N\u00b0 24-ME-2014) &#8211; Ed. Tecnol\u00f3gica (Res. N\u00b0 5-ME-2022 &#8230; <a title=\"Adecuaci\u00f3n de Plan. Profesorado de Educaci\u00f3n Primaria\" class=\"read-more\" href=\"https:\/\/ifdcvm-slu.infd.edu.ar\/sitio\/adecuacion-de-plan\/\" aria-label=\"More on Adecuaci\u00f3n de Plan. Profesorado de Educaci\u00f3n Primaria\">[+]<\/a><\/p>\n","protected":false},"author":1518,"featured_media":0,"parent":0,"menu_order":0,"comment_status":"closed","ping_status":"closed","template":"","meta":[],"acf":[],"_links":{"self":[{"href":"https:\/\/ifdcvm-slu.infd.edu.ar\/sitio\/wp-json\/wp\/v2\/pages\/2917"}],"collection":[{"href":"https:\/\/ifdcvm-slu.infd.edu.ar\/sitio\/wp-json\/wp\/v2\/pages"}],"about":[{"href":"https:\/\/ifdcvm-slu.infd.edu.ar\/sitio\/wp-json\/wp\/v2\/types\/page"}],"author":[{"embeddable":true,"href":"https:\/\/ifdcvm-slu.infd.edu.ar\/sitio\/wp-json\/wp\/v2\/users\/1518"}],"replies":[{"embeddable":true,"href":"https:\/\/ifdcvm-slu.infd.edu.ar\/sitio\/wp-json\/wp\/v2\/comments?post=2917"}],"version-history":[{"count":7,"href":"https:\/\/ifdcvm-slu.infd.edu.ar\/sitio\/wp-json\/wp\/v2\/pages\/2917\/revisions"}],"predecessor-version":[{"id":16388,"href":"https:\/\/ifdcvm-slu.infd.edu.ar\/sitio\/wp-json\/wp\/v2\/pages\/2917\/revisions\/16388"}],"wp:attachment":[{"href":"https:\/\/ifdcvm-slu.infd.edu.ar\/sitio\/wp-json\/wp\/v2\/media?parent=2917"}],"curies":[{"name":"wp","href":"https:\/\/api.w.org\/{rel}","templated":true}]}}