{"id":2951,"date":"2018-07-02T19:27:52","date_gmt":"2018-07-02T22:27:52","guid":{"rendered":"https:\/\/ifdcvm-slu.infd.edu.ar\/sitio\/descargas\/"},"modified":"2024-06-26T09:14:45","modified_gmt":"2024-06-26T12:14:45","slug":"descargas","status":"publish","type":"page","link":"https:\/\/ifdcvm-slu.infd.edu.ar\/sitio\/descargas\/","title":{"rendered":"\u00c1rea de Alumnos > Descargas"},"content":{"rendered":"\n<p>Desde esta secci\u00f3n podr\u00e1s descargar documentaci\u00f3n relacionada con el Depto. de Alumnos<\/p>\n\n\n\n<p><strong>DESCARGAS DISPONIBLES<\/strong><\/p>\n\n\n\n<p class=\"has-white-color has-luminous-vivid-orange-background-color has-text-color has-background\">Para descargar el archivo de tu preferencia seleccion\u00e1 el formato de archivo de tu preferencia.<\/p>\n\n\n\n<ul>\n<li>Certificado asistencia a examen: <a rel=\"noreferrer noopener\" href=\"https:\/\/ifdcvm-slu.infd.edu.ar\/sitio\/wp-content\/uploads\/2022\/05\/Constancia-de-Examen.docx\" data-type=\"URL\" data-id=\"https:\/\/ifdcvm-slu.infd.edu.ar\/sitio\/wp-content\/uploads\/2022\/05\/Constancia-de-Examen.docx\" target=\"_blank\">DOC <\/a>| <a rel=\"noreferrer noopener\" href=\"https:\/\/ifdcvm-slu.infd.edu.ar\/sitio\/wp-content\/uploads\/2022\/05\/Constancia-de-Examen.pdf\" data-type=\"URL\" data-id=\"https:\/\/ifdcvm-slu.infd.edu.ar\/sitio\/wp-content\/uploads\/2022\/05\/Constancia-de-Examen.pdf\" target=\"_blank\">PDF<\/a><\/li>\n\n\n\n<li><a rel=\"noreferrer noopener\" href=\"https:\/\/ifdcvm-slu.infd.edu.ar\/sitio\/wp-content\/uploads\/2024\/03\/Constancia-de-No-Sancion.docx\" data-type=\"URL\" data-id=\"https:\/\/ifdcvm-slu.infd.edu.ar\/sitio\/wp-content\/uploads\/2024\/03\/Constancia-de-No-Sancion.docx\" target=\"_blank\">Constancia de no<\/a><a href=\"https:\/\/ifdcvm-slu.infd.edu.ar\/sitio\/wp-content\/uploads\/2024\/03\/Constancia-de-No-Sancion.docx\" data-type=\"URL\" data-id=\"https:\/\/ifdcvm-slu.infd.edu.ar\/sitio\/wp-content\/uploads\/2024\/03\/Constancia-de-No-Sancion.docx\" target=\"_blank\" rel=\"noreferrer noopener\"> <\/a><a rel=\"noreferrer noopener\" href=\"https:\/\/ifdcvm-slu.infd.edu.ar\/sitio\/wp-content\/uploads\/2024\/03\/Constancia-de-No-Sancion.docx\" data-type=\"URL\" data-id=\"https:\/\/ifdcvm-slu.infd.edu.ar\/sitio\/wp-content\/uploads\/2024\/03\/Constancia-de-No-Sancion.docx\" target=\"_blank\">sanci\u00f3n<\/a><\/li>\n\n\n\n<li>Ficha m\u00e9dica (para completar la <a rel=\"noreferrer noopener\" href=\"https:\/\/ifdcvm-slu.infd.edu.ar\/sitio\/oferta-educativa-2023-requisitos-de-preinscripcion\/\" data-type=\"URL\" data-id=\"https:\/\/ifdcvm-slu.infd.edu.ar\/sitio\/oferta-educativa-2023-requisitos-de-preinscripcion\/\" target=\"_blank\">preinscripci\u00f3n 2024<\/a>): <a rel=\"noreferrer noopener\" href=\"https:\/\/ifdcvm-slu.infd.edu.ar\/sitio\/wp-content\/uploads\/2023\/09\/2024-Ficha-medica-ingresantes.pdf\" data-type=\"URL\" data-id=\"https:\/\/ifdcvm-slu.infd.edu.ar\/sitio\/wp-content\/uploads\/2023\/09\/2024-Ficha-medica-ingresantes.pdf\" target=\"_blank\">PDF<\/a><\/li>\n\n\n\n<li><a href=\"https:\/\/ifdcvm-slu.infd.edu.ar\/sitio\/wp-content\/uploads\/2024\/03\/Constancia-de-Examen.docx\" data-type=\"URL\" data-id=\"https:\/\/ifdcvm-slu.infd.edu.ar\/sitio\/wp-content\/uploads\/2024\/03\/Constancia-de-Examen.docx\" target=\"_blank\" rel=\"noreferrer noopener\">Constancia de examen<\/a><\/li>\n\n\n\n<li><a rel=\"noreferrer noopener\" href=\"https:\/\/ifdcvm-slu.infd.edu.ar\/sitio\/wp-content\/uploads\/2024\/03\/Constancia-Alumno-Ingresante-2024.docx\" data-type=\"URL\" data-id=\"https:\/\/ifdcvm-slu.infd.edu.ar\/sitio\/wp-content\/uploads\/2024\/03\/Constancia-Alumno-Ingresante-2024.docx\" target=\"_blank\">Constancia de alumno ingresante<\/a><\/li>\n\n\n\n<li>Solicitud de cambio de carrera (<a href=\"https:\/\/ifdcvm-slu.infd.edu.ar\/sitio\/wp-content\/uploads\/2024\/06\/Nota-Solicitud-de-Cambio-de-Carrera.pdf\" data-type=\"URL\" data-id=\"https:\/\/ifdcvm-slu.infd.edu.ar\/sitio\/wp-content\/uploads\/2024\/06\/Nota-Solicitud-de-Cambio-de-Carrera.pdf\" target=\"_blank\" rel=\"noreferrer noopener\">PDF<\/a>)<\/li>\n\n\n\n<li>Solicitud de cambio de plan (<a href=\"https:\/\/ifdcvm-slu.infd.edu.ar\/sitio\/wp-content\/uploads\/2024\/06\/Nota-Solicitud-de-Cambio-de-Plan.pdf\" data-type=\"URL\" data-id=\"https:\/\/ifdcvm-slu.infd.edu.ar\/sitio\/wp-content\/uploads\/2024\/06\/Nota-Solicitud-de-Cambio-de-Plan.pdf\" target=\"_blank\" rel=\"noreferrer noopener\">PDF<\/a>)<\/li>\n<\/ul>\n\n\n\n<p><\/p>\n\n\n\n<hr class=\"wp-block-separator has-css-opacity\"\/>\n\n\n","protected":false},"excerpt":{"rendered":"<p>Desde esta secci\u00f3n podr\u00e1s descargar documentaci\u00f3n relacionada con el Depto. de Alumnos DESCARGAS DISPONIBLES Para descargar el archivo de tu preferencia seleccion\u00e1 el formato de archivo de tu preferencia.<\/p>\n","protected":false},"author":1518,"featured_media":0,"parent":0,"menu_order":0,"comment_status":"closed","ping_status":"closed","template":"","meta":[],"acf":[],"_links":{"self":[{"href":"https:\/\/ifdcvm-slu.infd.edu.ar\/sitio\/wp-json\/wp\/v2\/pages\/2951"}],"collection":[{"href":"https:\/\/ifdcvm-slu.infd.edu.ar\/sitio\/wp-json\/wp\/v2\/pages"}],"about":[{"href":"https:\/\/ifdcvm-slu.infd.edu.ar\/sitio\/wp-json\/wp\/v2\/types\/page"}],"author":[{"embeddable":true,"href":"https:\/\/ifdcvm-slu.infd.edu.ar\/sitio\/wp-json\/wp\/v2\/users\/1518"}],"replies":[{"embeddable":true,"href":"https:\/\/ifdcvm-slu.infd.edu.ar\/sitio\/wp-json\/wp\/v2\/comments?post=2951"}],"version-history":[{"count":16,"href":"https:\/\/ifdcvm-slu.infd.edu.ar\/sitio\/wp-json\/wp\/v2\/pages\/2951\/revisions"}],"predecessor-version":[{"id":15351,"href":"https:\/\/ifdcvm-slu.infd.edu.ar\/sitio\/wp-json\/wp\/v2\/pages\/2951\/revisions\/15351"}],"wp:attachment":[{"href":"https:\/\/ifdcvm-slu.infd.edu.ar\/sitio\/wp-json\/wp\/v2\/media?parent=2951"}],"curies":[{"name":"wp","href":"https:\/\/api.w.org\/{rel}","templated":true}]}}