{"id":2953,"date":"2018-07-02T19:27:53","date_gmt":"2018-07-02T22:27:53","guid":{"rendered":"https:\/\/ifdcvm-slu.infd.edu.ar\/sitio\/asesoramiento-pedagogico\/"},"modified":"2024-04-18T11:58:13","modified_gmt":"2024-04-18T14:58:13","slug":"asesoramiento-pedagogico","status":"publish","type":"page","link":"https:\/\/ifdcvm-slu.infd.edu.ar\/sitio\/asesoramiento-pedagogico\/","title":{"rendered":"Asesoramiento Pedag\u00f3gico"},"content":{"rendered":"\n<p><em>El apoyo pedag\u00f3gico a escuelas procura poner en relaci\u00f3n \u00e1mbitos, organizaciones y contextos diferentes: el de la formaci\u00f3n y el trabajo; el instituto formador y las escuelas.<\/em><\/p>\n\n\n\n<p><em>Esta funci\u00f3n que todas las instituciones formadoras deben abordar, supone hacer foco en la escuela, entendi\u00e9ndola como espacio en el cual surgen diferentes situaciones vinculadas a la ense\u00f1anza, a los aprendizajes, a la vida institucional, al v\u00ednculo con la comunidad, entre otras; que producen modalidades singulares de intervenci\u00f3n y de resoluci\u00f3n. En el proceso de comprender situaciones, de construir problemas y\/o pensar intervenciones, la funci\u00f3n de apoyo pedag\u00f3gico a escuelas alienta ideas de mejora y cambio, poniendo en relaci\u00f3n organizaciones, especialistas, formadores y estudiantes con diferentes marcos disciplinares, art\u00edsticos y tecnol\u00f3gicos.<\/em>&nbsp;<\/p>\n\n\n\n<p>Para conocer m\u00e1s sobre esta funci\u00f3n, les compartimos un&nbsp;<a href=\"https:\/\/drive.google.com\/file\/d\/1pziaDO5NxlAJDPJI58T2Su7jqc7KSx3X\/view?usp=sharing\" target=\"_blank\" rel=\"noreferrer noopener\">documento explicativo de INFOD<\/a><\/p>\n\n\n\n<p>Para llevar adelante\u00a0<strong>Asesoramiento\/Apoyo Pedag\u00f3gico a Escuelas<\/strong> las\/los docentes del IFDCVM deben seguir los siguientes pasos:<\/p>\n\n\n\n<ol>\n<li>Presentaci\u00f3n de la<strong>&nbsp;<\/strong><a href=\"https:\/\/docs.google.com\/document\/d\/1PDenYC0QCiTDj9TXb6k7tbl8Big6dFMF\/edit\" target=\"_blank\" rel=\"noreferrer noopener\"><strong>solicitud formal por parte de la instituci\u00f3n educativa<\/strong><\/a>&nbsp;donde va a llevar a cabo el AsPe. La misma debe contar con firma de la directiva\/o responsable de la instituci\u00f3n y sello de la escuela. La misma puede ser enviada en formato digital al correo&nbsp;<a href=\"mailto:extension@ifdcvm.edu.ar\" target=\"_blank\" rel=\"noreferrer noopener\">extension@ifdcvm.edu.ar<\/a><\/li>\n\n\n\n<li>Junto con la solicitud, anexe&nbsp;<a href=\"https:\/\/docs.google.com\/document\/d\/1y5_Pw2ZZyO8m0T0j-IWw_Sscukr5tYMN\/edit?usp=sharing&amp;ouid=103975121298357383613&amp;rtpof=true&amp;sd=true\" target=\"_blank\" rel=\"noreferrer noopener\">el proyecto<\/a>&nbsp;donde consigne los datos principales de la propuesta.<\/li>\n\n\n\n<li>Una vez finalizado el AsPe, presentar el siguiente&nbsp;<a href=\"https:\/\/docs.google.com\/document\/d\/1SEMKIv6paVdCgSKaO9XNWhshHxETfs0e\/edit?usp=sharing&amp;ouid=115845838931023164656&amp;rtpof=true&amp;sd=true\" target=\"_blank\" rel=\"noreferrer noopener\">formulario<\/a>&nbsp;a Extensi\u00f3n. Puede hacerlo en formato digital. Con estos datos confeccionaremos la resoluci\u00f3n para formalizar el cumplimiento del AsPe.<\/li>\n<\/ol>\n","protected":false},"excerpt":{"rendered":"<p>El apoyo pedag\u00f3gico a escuelas procura poner en relaci\u00f3n \u00e1mbitos, organizaciones y contextos diferentes: el de la formaci\u00f3n y el trabajo; el instituto formador y las escuelas. Esta funci\u00f3n que todas las instituciones formadoras deben abordar, supone hacer foco en la escuela, entendi\u00e9ndola como espacio en el cual surgen diferentes situaciones vinculadas a la ense\u00f1anza, &#8230; <a title=\"Asesoramiento Pedag\u00f3gico\" class=\"read-more\" href=\"https:\/\/ifdcvm-slu.infd.edu.ar\/sitio\/asesoramiento-pedagogico\/\" aria-label=\"More on Asesoramiento Pedag\u00f3gico\">[+]<\/a><\/p>\n","protected":false},"author":1518,"featured_media":0,"parent":0,"menu_order":0,"comment_status":"closed","ping_status":"closed","template":"","meta":[],"acf":[],"_links":{"self":[{"href":"https:\/\/ifdcvm-slu.infd.edu.ar\/sitio\/wp-json\/wp\/v2\/pages\/2953"}],"collection":[{"href":"https:\/\/ifdcvm-slu.infd.edu.ar\/sitio\/wp-json\/wp\/v2\/pages"}],"about":[{"href":"https:\/\/ifdcvm-slu.infd.edu.ar\/sitio\/wp-json\/wp\/v2\/types\/page"}],"author":[{"embeddable":true,"href":"https:\/\/ifdcvm-slu.infd.edu.ar\/sitio\/wp-json\/wp\/v2\/users\/1518"}],"replies":[{"embeddable":true,"href":"https:\/\/ifdcvm-slu.infd.edu.ar\/sitio\/wp-json\/wp\/v2\/comments?post=2953"}],"version-history":[{"count":11,"href":"https:\/\/ifdcvm-slu.infd.edu.ar\/sitio\/wp-json\/wp\/v2\/pages\/2953\/revisions"}],"predecessor-version":[{"id":15062,"href":"https:\/\/ifdcvm-slu.infd.edu.ar\/sitio\/wp-json\/wp\/v2\/pages\/2953\/revisions\/15062"}],"wp:attachment":[{"href":"https:\/\/ifdcvm-slu.infd.edu.ar\/sitio\/wp-json\/wp\/v2\/media?parent=2953"}],"curies":[{"name":"wp","href":"https:\/\/api.w.org\/{rel}","templated":true}]}}