{"id":8434,"date":"2020-06-02T12:49:59","date_gmt":"2020-06-02T15:49:59","guid":{"rendered":"https:\/\/ifdcvm-slu.infd.edu.ar\/sitio\/?page_id=8434"},"modified":"2025-07-25T11:12:26","modified_gmt":"2025-07-25T14:12:26","slug":"pensando-en-verde-fichando-el-ambiente","status":"publish","type":"page","link":"https:\/\/ifdcvm-slu.infd.edu.ar\/sitio\/pensando-en-verde-fichando-el-ambiente\/","title":{"rendered":"\u00abPensando en verde. Fichando el ambiente\u00bb"},"content":{"rendered":"<p><strong>\u201cPensando en verde. Fichando el ambiente\u201d<\/strong>, es un material educativo destinado para el trabajo en las aulas del Nivel Secundario de la Regi\u00f3n Educativa II, y fue producido por un equipo multidisciplinar de docentes que forman parte del \u00c1rea de Educaci\u00f3n Ambiental del IFDC-VM.<\/p>\n<p>Esta Gu\u00eda para trabajar la Educaci\u00f3n Ambiental fue dise\u00f1ada en formato de fichas en las que se tratan tem\u00e1ticas ambientales que pueden ser abordadas desde diversas materias del Nivel Medio. \u201cPensando en\u00a0verde. Fichando el ambiente\u00bb fue pensado como un material a partir del cual las y los estudiantes vinculen la realidad que las y los circunda con los contenidos que ven en clase, se trata de propiciar sujetos\/ciudadanas y ciudadanos involucrados con el Medio Ambiente.<\/p>\n<p><strong>Video presentaci\u00f3n:<\/strong><\/p>\n<p><iframe loading=\"lazy\" src=\"https:\/\/www.youtube.com\/embed\/ZNFtFmsifH8\" width=\"750\" height=\"586\" frameborder=\"0\" allowfullscreen=\"allowfullscreen\"><span data-mce-type=\"bookmark\" style=\"display: inline-block; width: 0px; overflow: hidden; line-height: 0;\" class=\"mce_SELRES_start\">\ufeff<\/span><\/iframe><\/p>\n<hr \/>\n<p><b>\u00bfC\u00f3mo trabajar con las fichas?<\/b><\/p>\n<ol>\n<li>Descargar la\/s ficha\/s en un dispositivo (PC, netbooks, notebooks, smartphones y\/o tablets).<\/li>\n<li>Cada ficha puede ser completada mediante: un\u00a0<b>Lector de PDF<\/b>\u00a0o con el Navegador\u00a0<a href=\"https:\/\/www.google.com\/intl\/es-419\/chrome\/\"><b>Google Chrome<\/b><\/a>\u00a0o si prefieres hacerlo en un documento aparte.<\/li>\n<\/ol>\n<p><a href=\"https:\/\/ifdcvm-slu.infd.edu.ar\/sitio\/lectores_pdf\/\" target=\"_blank\" rel=\"noopener\" data-saferedirecturl=\"https:\/\/www.google.com\/url?q=https:\/\/docs.google.com\/document\/d\/1gFALOfvgyXsggikJx7BmvaUbhHpxATbdlL6oxamnvxs\/edit?usp%3Dsharing&amp;source=gmail&amp;ust=1591357900022000&amp;usg=AFQjCNG_j51Gq3OUWku_MW6vvSBrfUemdw\">&#x1f517;Te dejamos links para que trabajes con lectores\u00a0gratuitos<\/a><\/p>\n<p><b>\u00bfC\u00f3mo comunicarte con el equipo?<\/b><\/p>\n<p>Tus dudas, tus comentarios, tus preguntas nos interesan. Comunicate a nuestro correo: Pedagog\u00eda Ambiental IFDC Villa Mercedes <strong>pedagogiaambiental@ifdcvm.edu.ar<\/strong><\/p>\n<p>Tus aportes ser\u00e1n muy \u00fatiles para la producci\u00f3n del nuevo material que estamos realizando. Estamos para acompa\u00f1arte en este horizonte de la Educaci\u00f3n Ambiental.<\/p>\n<p><strong>Cuadernillo de actividades:<\/strong><\/p>\n<p><em>&#x2139;\u00a0Ayuda: despl\u00e1cese con las barras verticales para leer el cuadernillo o desc\u00e1rguelo haciendo clic\u00a0<a href=\"https:\/\/ifdcvm-slu.infd.edu.ar\/sitio\/wp-content\/uploads\/2020\/06\/Presentaci\u00f3n_fichas_Ed.-Ambiental.pdf\">aqu\u00ed<\/a>.<\/em><\/p>\n<p><iframe loading=\"lazy\" id=\"iframepdf\" src=\"https:\/\/ifdcvm-slu.infd.edu.ar\/sitio\/wp-content\/uploads\/2020\/06\/Presentaci\u00f3n_fichas_Ed.-Ambiental.pdf\" width=\"800px\" height=\"1000px\"><span data-mce-type=\"bookmark\" style=\"display: inline-block; width: 0px; overflow: hidden; line-height: 0;\" class=\"mce_SELRES_start\">\ufeff<\/span><span data-mce-type=\"bookmark\" style=\"display: inline-block; width: 0px; overflow: hidden; line-height: 0;\" class=\"mce_SELRES_start\">\ufeff<\/span><\/iframe><\/p>\n<p>&#x27a1;<a href=\"https:\/\/drive.google.com\/drive\/folders\/1DFsg1b4w57X2v00QkEmOUZ3mnn5KNWlP?usp=sharing\">Haga clic aqu\u00ed para acceder al material<\/a><\/p>\n","protected":false},"excerpt":{"rendered":"<p>\u201cPensando en verde. Fichando el ambiente\u201d, es un material educativo destinado para el trabajo en las aulas del Nivel Secundario de la Regi\u00f3n Educativa II, y fue producido por un equipo multidisciplinar de docentes que forman parte del \u00c1rea de Educaci\u00f3n Ambiental del IFDC-VM. Esta Gu\u00eda para trabajar la Educaci\u00f3n Ambiental fue dise\u00f1ada en formato &#8230; <a title=\"\u00abPensando en verde. Fichando el ambiente\u00bb\" class=\"read-more\" href=\"https:\/\/ifdcvm-slu.infd.edu.ar\/sitio\/pensando-en-verde-fichando-el-ambiente\/\" aria-label=\"More on \u00abPensando en verde. Fichando el ambiente\u00bb\">[+]<\/a><\/p>\n","protected":false},"author":1518,"featured_media":0,"parent":0,"menu_order":0,"comment_status":"closed","ping_status":"closed","template":"","meta":[],"acf":[],"_links":{"self":[{"href":"https:\/\/ifdcvm-slu.infd.edu.ar\/sitio\/wp-json\/wp\/v2\/pages\/8434"}],"collection":[{"href":"https:\/\/ifdcvm-slu.infd.edu.ar\/sitio\/wp-json\/wp\/v2\/pages"}],"about":[{"href":"https:\/\/ifdcvm-slu.infd.edu.ar\/sitio\/wp-json\/wp\/v2\/types\/page"}],"author":[{"embeddable":true,"href":"https:\/\/ifdcvm-slu.infd.edu.ar\/sitio\/wp-json\/wp\/v2\/users\/1518"}],"replies":[{"embeddable":true,"href":"https:\/\/ifdcvm-slu.infd.edu.ar\/sitio\/wp-json\/wp\/v2\/comments?post=8434"}],"version-history":[{"count":20,"href":"https:\/\/ifdcvm-slu.infd.edu.ar\/sitio\/wp-json\/wp\/v2\/pages\/8434\/revisions"}],"predecessor-version":[{"id":16706,"href":"https:\/\/ifdcvm-slu.infd.edu.ar\/sitio\/wp-json\/wp\/v2\/pages\/8434\/revisions\/16706"}],"wp:attachment":[{"href":"https:\/\/ifdcvm-slu.infd.edu.ar\/sitio\/wp-json\/wp\/v2\/media?parent=8434"}],"curies":[{"name":"wp","href":"https:\/\/api.w.org\/{rel}","templated":true}]}}